{"id":463,"date":"2025-03-25T10:08:33","date_gmt":"2025-03-25T09:08:33","guid":{"rendered":"https:\/\/www.cmrspain.com\/home\/"},"modified":"2025-06-11T12:23:23","modified_gmt":"2025-06-11T10:23:23","slug":"home","status":"publish","type":"page","link":"https:\/\/www.cmrspain.com\/pl\/","title":{"rendered":"Home"},"content":{"rendered":"<div class=\"wpb-content-wrapper\"><p>[vc_row full_width=&#8221;stretch_row&#8221; el_class=&#8221;barraTitulo&#8221; css=&#8221;.vc_custom_1742898268307{padding-top: 25px !important;padding-bottom: 25px !important;background-color: #010101 !important;}&#8221;][vc_column css_animation=&#8221;fadeIn&#8221;][vc_column_text css_animation=&#8221;none&#8221; css=&#8221;&#8221;]<\/p>\n<h1 style=\"text-align: center;\">CMR REAL ESTATE &amp; BUSINESS SOLUTIONS<\/h1>\n<h2 style=\"text-align: center;\">Tw\u00f3j zaufany partner w rozwoju biznesu i nieruchomo\u015bci w Hiszpania<\/h2>\n<p>[\/vc_column_text][\/vc_column][\/vc_row][vc_row css=&#8221;.vc_custom_1743416892157{padding-top: 50px !important;}&#8221;][vc_column width=&#8221;1\/4&#8243;][\/vc_column][vc_column width=&#8221;1\/2&#8243;][vc_column_text css_animation=&#8221;fadeIn&#8221; css=&#8221;&#8221;]<\/p>\n<h3 style=\"text-align: center;\">ROZWIJASZ SW\u00d3J BIZNES LUB INWESTUJESZ<br \/>\n<span style=\"color: #000000;\">W NIERUCHOMO\u015aCI W Hiszpania?<\/span><\/h3>\n<p class=\"big\" style=\"text-align: center;\"><span style=\"color: #000000;\"><strong>CMR Real Estate &amp; Business Solutions <\/strong>upraszcza ca\u0142y proces. Oferujemy fachowe doradztwo dla zagranicznych firm zak\u0142adaj\u0105cych dzia\u0142alno\u015b\u0107, poruszaj\u0105cych si\u0119 po przepisach ZEA (Zjednoczonych Emirat\u00f3w Arabskich) i odkrywaj\u0105cych mo\u017cliwo\u015bci na dynamicznie rozwijaj\u0105cym si\u0119 rynku Hiszpania.<\/span><\/p>\n<p>[\/vc_column_text][\/vc_column][vc_column width=&#8221;1\/4&#8243;][\/vc_column][\/vc_row][vc_row][vc_column][vc_text_separator title=&#8221;&#8221; i_type=&#8221;linecons&#8221; i_icon_linecons=&#8221;vc_li vc_li-diamond&#8221; i_color=&#8221;custom&#8221; color=&#8221;custom&#8221; el_width=&#8221;20&#8243; css=&#8221;&#8221; add_icon=&#8221;true&#8221; i_custom_color=&#8221;#91B4D2&#8243; accent_color=&#8221;#91B4D2&#8243;][\/vc_column][\/vc_row][vc_row full_width=&#8221;stretch_row_content_no_spaces&#8221; css=&#8221;.vc_custom_1749553433536{margin-bottom: 50px !important;}&#8221;][vc_column][vc_column_text css=&#8221;&#8221;][\/vc_column_text][\/vc_column][\/vc_row][vc_row][vc_column css_animation=&#8221;fadeIn&#8221;][vc_column_text css=&#8221;&#8221;]<\/p>\n<h4>Kompleksowe rozwi\u0105zania dla biznesu i nieruchomo\u015bci<\/h4>\n<p><span style=\"color: #000000;\">Zak\u0142adanie firmy za granic\u0105 mo\u017ce by\u0107 trudne. Eliminujemy niepewno\u015bci dzi\u0119ki kompleksowym rozwi\u0105zaniom dopasowanym do Twoich potrzeb:<\/span>[\/vc_column_text][vc_row_inner][vc_column_inner width=&#8221;1\/2&#8243;]<div class=\"flat_box\"><div class=\"photo_wrapper\"><div class=\"icon themebg\" ><i class=\"icon-briefcase\" aria-hidden=\"true\"><\/i><\/div><img class=\"photo scale-with-grid mfn-lazy\" data-src=\"https:\/\/www.cmrspain.com\/wp-content\/uploads\/2025\/04\/Company-Formation-and-Registration-img.jpg\" alt=\"\" width=\"1080\" height=\"500\"\/><\/div><div class=\"desc_wrapper\"><h4 class=\"title \">Rejestracja i zak\u0142adanie firmy:<\/h4><div class=\"desc\">Od startup\u00f3w po mi\u0119dzynarodowe ekspansje \u2013 zapewniamy sprawne i legalne rozpocz\u0119cie dzia\u0142alno\u015bci.<\/div><\/div><\/div>\n[\/vc_column_inner][vc_column_inner width=&#8221;1\/2&#8243;]<div class=\"flat_box\"><div class=\"photo_wrapper\"><div class=\"icon themebg\" ><i class=\"icon-newspaper\" aria-hidden=\"true\"><\/i><\/div><img class=\"photo scale-with-grid mfn-lazy\" data-src=\"https:\/\/www.cmrspain.com\/wp-content\/uploads\/2025\/03\/Regulatory-and-Compliance-Services-img.jpg\" alt=\"\" width=\"1080\" height=\"500\"\/><\/div><div class=\"desc_wrapper\"><h4 class=\"title \">Us\u0142ugi regulacyjne i zgodno\u015b\u0107 z przepisami:<\/h4><div class=\"desc\">Pe\u0142ne wsparcie w zakresie licencji, zgodno\u015bci podatkowej oraz zezwole\u0144 bran\u017cowych.<\/div><\/div><\/div>\n[\/vc_column_inner][\/vc_row_inner][vc_row_inner][vc_column_inner width=&#8221;1\/2&#8243;]<div class=\"flat_box\"><div class=\"photo_wrapper\"><div class=\"icon themebg\" ><i class=\"fas fa-chart-line\" aria-hidden=\"true\"><\/i><\/div><img class=\"photo scale-with-grid mfn-lazy\" data-src=\"https:\/\/www.cmrspain.com\/wp-content\/uploads\/2025\/03\/Investment-img.jpg\" alt=\"\" width=\"1080\" height=\"500\"\/><\/div><div class=\"desc_wrapper\"><h4 class=\"title \">Wsparcie inwestycyjne i wej\u015bcie na rynek:<\/h4><div class=\"desc\">Wiedza rynkowa i strategiczne planowanie ekspansji biznesowej i inwestycji w nieruchomo\u015bci.<\/div><\/div><\/div>\n[\/vc_column_inner][vc_column_inner width=&#8221;1\/2&#8243;]<div class=\"flat_box\"><div class=\"photo_wrapper\"><div class=\"icon themebg\" ><i class=\"icon-thumbs-up-line\" aria-hidden=\"true\"><\/i><\/div><img class=\"photo scale-with-grid mfn-lazy\" data-src=\"https:\/\/www.cmrspain.com\/wp-content\/uploads\/2025\/04\/Office-and-Property-Solutions-img.jpg\" alt=\"\" width=\"1080\" height=\"500\"\/><\/div><div class=\"desc_wrapper\"><h4 class=\"title \">Rozwi\u0105zania biurowe i nieruchomo\u015bciowe:<\/h4><div class=\"desc\">Pomoc w wynajmie lub zakupie biur, magazyn\u00f3w i lokali komercyjnych.<\/div><\/div><\/div>\n[\/vc_column_inner][\/vc_row_inner][\/vc_column][\/vc_row][vc_row full_width=&#8221;stretch_row&#8221; css=&#8221;.vc_custom_1742902790388{margin-bottom: 50px !important;}&#8221;][vc_column][vc_column_text css=&#8221;&#8221;]<\/p>\n<p class=\"big\" style=\"text-align: center;\">ZAPEWNIAMY, \u017bE TWOJE WEJ\u015aCIE NA RYNEK HISZPANIA B\u0118DZIE SPRAWNE, ZGODNE Z PRAWEM I OP\u0141ACALNE.<\/p>\n<p>[\/vc_column_text][\/vc_column][\/vc_row][vc_row full_width=&#8221;stretch_row&#8221; css_animation=&#8221;fadeIn&#8221; css=&#8221;.vc_custom_1742988188073{background-color: #D9D9D9 !important;}&#8221; el_class=&#8221;txtTitulo&#8221;][vc_column][vc_column_text css=&#8221;&#8221;]<\/p>\n<h4 style=\"text-align: center;\">NASZE US\u0141UGI<\/h4>\n<p>[\/vc_column_text][\/vc_column][\/vc_row][vc_row full_width=&#8221;stretch_row_content_no_spaces&#8221; equal_height=&#8221;yes&#8221; el_class=&#8221;nuestrosServicios&#8221;][vc_column css_animation=&#8221;fadeIn&#8221; width=&#8221;1\/2&#8243; css=&#8221;.vc_custom_1742988244914{background-image: url(https:\/\/www.cmrspain.com\/wp-content\/uploads\/2025\/03\/cuadrante-B.jpg?id=36) !important;background-position: center !important;background-repeat: no-repeat !important;background-size: cover !important;}&#8221;][\/vc_column][vc_column width=&#8221;1\/2&#8243; css=&#8221;.vc_custom_1742904215433{padding-top: 15% !important;padding-right: 20% !important;padding-bottom: 15% !important;padding-left: 20% !important;background-color: #F1F1F1 !important;}&#8221;][vc_column_text css_animation=&#8221;fadeInRight&#8221; css=&#8221;&#8221;]<\/p>\n<h1>Zak\u0142adanie firm i licencjonowanie<\/h1>\n<p>Przeprowadzimy Ci\u0119 przez proces rejestracji firmy, uzyskiwania licencji na inwestycje zagraniczne i strukturyzacj\u0119 prawn\u0105 \u2013 zapewniaj\u0105c zgodno\u015b\u0107 i optymalizacj\u0119 biznesu.[\/vc_column_text][\/vc_column][\/vc_row][vc_row full_width=&#8221;stretch_row_content_no_spaces&#8221; equal_height=&#8221;yes&#8221; el_class=&#8221;nuestrosServicios revertir&#8221;][vc_column width=&#8221;1\/2&#8243; css=&#8221;.vc_custom_1742904210130{padding-top: 15% !important;padding-right: 20% !important;padding-bottom: 15% !important;padding-left: 20% !important;background-color: #F1F1F1 !important;}&#8221;][vc_column_text css_animation=&#8221;fadeInLeft&#8221; css=&#8221;&#8221;]<\/p>\n<h1>Doradztwo w zakresie wej\u015bcia na rynek i inwestycji<\/h1>\n<p>Rozwijaj si\u0119 strategicznie dzi\u0119ki naszemu doradztwu w zakresie rozwoju biznesu, analizie trend\u00f3w rynkowych i identyfikacji mo\u017cliwo\u015bci inwestycyjnych.[\/vc_column_text][\/vc_column][vc_column css_animation=&#8221;fadeIn&#8221; width=&#8221;1\/2&#8243; css=&#8221;.vc_custom_1742988248429{background-image: url(https:\/\/www.cmrspain.com\/wp-content\/uploads\/2025\/03\/cuadrante-C.jpg?id=38) !important;background-position: center !important;background-repeat: no-repeat !important;background-size: cover !important;}&#8221;][\/vc_column][\/vc_row][vc_row full_width=&#8221;stretch_row_content_no_spaces&#8221; equal_height=&#8221;yes&#8221; el_class=&#8221;nuestrosServicios&#8221;][vc_column css_animation=&#8221;fadeIn&#8221; width=&#8221;1\/2&#8243; css=&#8221;.vc_custom_1742988252350{background-image: url(https:\/\/www.cmrspain.com\/wp-content\/uploads\/2025\/03\/cuadrante-E.jpg?id=40) !important;background-position: center !important;background-repeat: no-repeat !important;background-size: cover !important;}&#8221;][\/vc_column][vc_column width=&#8221;1\/2&#8243; css=&#8221;.vc_custom_1742904204416{padding-top: 15% !important;padding-right: 20% !important;padding-bottom: 15% !important;padding-left: 20% !important;background-color: #F1F1F1 !important;}&#8221;][vc_column_text css_animation=&#8221;fadeInRight&#8221; css=&#8221;&#8221;]<\/p>\n<h1>Doradztwo w nieruchomo\u015bciach i zarz\u0105dzanie nimi<\/h1>\n<p>Od nieruchomo\u015bci komercyjnych po du\u017ce inwestycje \u2013 pomagamy w zakupie, wynajmie i analizie due diligence.[\/vc_column_text][\/vc_column][\/vc_row][vc_row full_width=&#8221;stretch_row_content_no_spaces&#8221; equal_height=&#8221;yes&#8221; el_class=&#8221;nuestrosServicios revertir&#8221;][vc_column width=&#8221;1\/2&#8243; css=&#8221;.vc_custom_1742904199130{padding-top: 15% !important;padding-right: 20% !important;padding-bottom: 15% !important;padding-left: 20% !important;background-color: #F1F1F1 !important;}&#8221;][vc_column_text css_animation=&#8221;fadeInLeft&#8221; css=&#8221;&#8221;]<\/p>\n<h1>Doradztwo dotycz\u0105ce stref wolnoc\u0142owych i ulg podatkowych<\/h1>\n<p>Pomagamy wybra\u0107 optymaln\u0105 stref\u0119 wolnoc\u0142ow\u0105 dla Twojej dzia\u0142alno\u015bci, uzyska\u0107 ulgi podatkowe i zrozumie\u0107 nowe przepisy podatkowe ZEA.[\/vc_column_text][\/vc_column][vc_column css_animation=&#8221;fadeIn&#8221; width=&#8221;1\/2&#8243; css=&#8221;.vc_custom_1742988257601{background-image: url(https:\/\/www.cmrspain.com\/wp-content\/uploads\/2025\/03\/cuadrante-D.jpg?id=39) !important;background-position: center !important;background-repeat: no-repeat !important;background-size: cover !important;}&#8221;][\/vc_column][\/vc_row][vc_row full_width=&#8221;stretch_row_content_no_spaces&#8221; equal_height=&#8221;yes&#8221; el_class=&#8221;nuestrosServicios&#8221;][vc_column css_animation=&#8221;fadeIn&#8221; width=&#8221;1\/2&#8243; css=&#8221;.vc_custom_1742988264978{background-image: url(https:\/\/www.cmrspain.com\/wp-content\/uploads\/2025\/03\/cuadrante-A.jpg?id=37) !important;background-position: center !important;background-repeat: no-repeat !important;background-size: cover !important;}&#8221;][\/vc_column][vc_column width=&#8221;1\/2&#8243; css=&#8221;.vc_custom_1742904178156{padding-top: 15% !important;padding-right: 20% !important;padding-bottom: 15% !important;padding-left: 20% !important;background-color: #F1F1F1 !important;}&#8221;][vc_column_text css_animation=&#8221;fadeInRight&#8221; css=&#8221;&#8221;]<\/p>\n<h1>Us\u0142ugi korporacyjne i wsparcie biznesowe<\/h1>\n<p>Sta\u0142e wsparcie prawne, finansowe i administracyjne, aby Twoja dzia\u0142alno\u015b\u0107 by\u0142a zgodna z przepisami i dzia\u0142a\u0142a efektywnie.[\/vc_column_text][\/vc_column][\/vc_row][vc_row full_width=&#8221;stretch_row&#8221; css=&#8221;.vc_custom_1745406595225{padding-top: 25px !important;padding-bottom: 25px !important;background-image: url(https:\/\/www.cmrspain.com\/wp-content\/uploads\/2025\/04\/llamada-accion-2.jpg?id=229) !important;background-position: center !important;background-repeat: no-repeat !important;background-size: cover !important;}&#8221; el_class=&#8221;llamadaAccion&#8221;][vc_column width=&#8221;1\/2&#8243;][\/vc_column][vc_column css_animation=&#8221;fadeInRight&#8221; width=&#8221;1\/2&#8243;][vc_column_text css_animation=&#8221;none&#8221; css=&#8221;&#8221;]<\/p>\n<h2>Skontaktuj si\u0119 z nami.<\/h2>\n<h3>Z przyjemno\u015bci\u0105 Ci pomo\u017cemy.<\/h3>\n<p>[\/vc_column_text][vc_btn title=&#8221;Kontakt&#8221; color=&#8221;white&#8221; css_animation=&#8221;none&#8221; css=&#8221;&#8221; link=&#8221;url:https%3A%2F%2Fwww.cmrspain.com%2Fpl%2Fkontakt%2F&#8221;][\/vc_column][\/vc_row][vc_row css=&#8221;.vc_custom_1742986828501{margin-top: 50px !important;}&#8221;][vc_column][vc_text_separator title=&#8221;&#8221; i_type=&#8221;linecons&#8221; i_icon_linecons=&#8221;vc_li vc_li-diamond&#8221; i_color=&#8221;custom&#8221; color=&#8221;custom&#8221; el_width=&#8221;20&#8243; css=&#8221;&#8221; add_icon=&#8221;true&#8221; i_custom_color=&#8221;#91B4D2&#8243; accent_color=&#8221;#91B4D2&#8243;][\/vc_column][\/vc_row][vc_row full_width=&#8221;stretch_row&#8221; css_animation=&#8221;fadeIn&#8221; css=&#8221;.vc_custom_1742988291384{margin-top: 50px !important;}&#8221;][vc_column][vc_column_text css=&#8221;&#8221;]<\/p>\n<h4 style=\"text-align: center;\">DLACZEGO WARTO WYBRA\u0106 CMR REAL ESTATE &amp; BUSINESS SOLUTIONS?<\/h4>\n<p>[\/vc_column_text][vc_row_inner gap=&#8221;30&#8243;][vc_column_inner width=&#8221;1\/2&#8243; css=&#8221;.vc_custom_1743417213840{margin-bottom: -30px !important;padding-bottom: 0px !important;}&#8221;]<div class=\"list_item lists_1 clearfix\"><div class=\"list_left list_icon\"><i class=\"fas fa-thumbs-up\" aria-hidden=\"true\"><\/i><\/div><div class=\"list_right\"><h4 class=\"title \">Bezproblemowe zak\u0142adanie firmy:<\/h4><div class=\"desc\">Zajmujemy si\u0119 wszystkimi wymogami prawnymi i regulacyjnymi, aby\u015b Ty m\u00f3g\u0142 skupi\u0107 si\u0119 na rozwoju.<\/div><\/div><\/div>\n<div class=\"list_item lists_1 clearfix\"><div class=\"list_left list_icon\"><i class=\"fas fa-globe-asia\" aria-hidden=\"true\"><\/i><\/div><div class=\"list_right\"><h4 class=\"title \">Lokalna wiedza, globalna perspektywa:<\/h4><div class=\"desc\">Dog\u0142\u0119bna znajomo\u015b\u0107 dubajskiego rynku oraz oczekiwa\u0144 mi\u0119dzynarodowego biznesu.<\/div><\/div><\/div>\n[\/vc_column_inner][vc_column_inner width=&#8221;1\/2&#8243;]<div class=\"list_item lists_1 clearfix\"><div class=\"list_left list_icon\"><i class=\"fas fa-ruler-combined\" aria-hidden=\"true\"><\/i><\/div><div class=\"list_right\"><h4 class=\"title \">Kompleksowe wsparcie:<\/h4><div class=\"desc\">Od rejestracji po sukces operacyjny \u2013 oferujemy rozwi\u0105zania dopasowane do Twoich potrzeb.<\/div><\/div><\/div>\n<div class=\"list_item lists_1 clearfix\"><div class=\"list_left list_icon\"><i class=\"fas fa-award\" aria-hidden=\"true\"><\/i><\/div><div class=\"list_right\"><h4 class=\"title \">Sprawdzona skuteczno\u015b\u0107:<\/h4><div class=\"desc\">Zaufanie mi\u0119dzynarodowych klient\u00f3w, kt\u00f3rzy z powodzeniem rozpocz\u0119li i rozwijaj\u0105 dzia\u0142alno\u015b\u0107 w ZEA.<\/div><\/div><\/div>\n[\/vc_column_inner][\/vc_row_inner][vc_text_separator title=&#8221;&#8221; i_type=&#8221;linecons&#8221; i_icon_linecons=&#8221;vc_li vc_li-diamond&#8221; i_color=&#8221;custom&#8221; color=&#8221;custom&#8221; el_width=&#8221;20&#8243; css=&#8221;&#8221; add_icon=&#8221;true&#8221; i_custom_color=&#8221;#91B4D2&#8243; accent_color=&#8221;#91B4D2&#8243;][\/vc_column][\/vc_row][vc_row full_width=&#8221;stretch_row&#8221; css_animation=&#8221;fadeIn&#8221; css=&#8221;.vc_custom_1745407870630{margin-bottom: -15px !important;background-color: #D9D9D9 !important;}&#8221; el_class=&#8221;txtTitulo txtTituloFooter&#8221;][vc_column][\/vc_column][\/vc_row]<\/p>\n<\/div>","protected":false},"excerpt":{"rendered":"<p>[vc_row full_width=&#8221;stretch_row&#8221; el_class=&#8221;barraTitulo&#8221; css=&#8221;.vc_custom_1742898268307{padding-top: 25px !important;padding-bottom: 25px !important;background-color: #010101 !important;}&#8221;][vc_column css_animation=&#8221;fadeIn&#8221;][vc_column_text css_animation=&#8221;none&#8221; css=&#8221;&#8221;] CMR REAL ESTATE &amp; BUSINESS SOLUTIONS Tw\u00f3j zaufany partner w rozwoju biznesu i<span class=\"excerpt-hellip\"> [\u2026]<\/span><\/p>\n","protected":false},"author":1,"featured_media":0,"parent":0,"menu_order":0,"comment_status":"closed","ping_status":"open","template":"","meta":{"footnotes":""},"class_list":["post-463","page","type-page","status-publish","hentry"],"aioseo_notices":[],"_links":{"self":[{"href":"https:\/\/www.cmrspain.com\/pl\/wp-json\/wp\/v2\/pages\/463","targetHints":{"allow":["GET"]}}],"collection":[{"href":"https:\/\/www.cmrspain.com\/pl\/wp-json\/wp\/v2\/pages"}],"about":[{"href":"https:\/\/www.cmrspain.com\/pl\/wp-json\/wp\/v2\/types\/page"}],"author":[{"embeddable":true,"href":"https:\/\/www.cmrspain.com\/pl\/wp-json\/wp\/v2\/users\/1"}],"replies":[{"embeddable":true,"href":"https:\/\/www.cmrspain.com\/pl\/wp-json\/wp\/v2\/comments?post=463"}],"version-history":[{"count":6,"href":"https:\/\/www.cmrspain.com\/pl\/wp-json\/wp\/v2\/pages\/463\/revisions"}],"predecessor-version":[{"id":985,"href":"https:\/\/www.cmrspain.com\/pl\/wp-json\/wp\/v2\/pages\/463\/revisions\/985"}],"wp:attachment":[{"href":"https:\/\/www.cmrspain.com\/pl\/wp-json\/wp\/v2\/media?parent=463"}],"curies":[{"name":"wp","href":"https:\/\/api.w.org\/{rel}","templated":true}]}}