{"id":459,"date":"2025-03-28T13:43:10","date_gmt":"2025-03-28T12:43:10","guid":{"rendered":"https:\/\/www.cmrspain.com\/sobre-nosotros\/"},"modified":"2025-06-11T12:29:26","modified_gmt":"2025-06-11T10:29:26","slug":"o-nas","status":"publish","type":"page","link":"https:\/\/www.cmrspain.com\/pl\/o-nas\/","title":{"rendered":"O nas"},"content":{"rendered":"<div class=\"wpb-content-wrapper\"><p>[vc_row full_width=&#8221;stretch_row&#8221; el_class=&#8221;barraTitulo&#8221; css=&#8221;.vc_custom_1742898268307{padding-top: 25px !important;padding-bottom: 25px !important;background-color: #010101 !important;}&#8221;][vc_column css_animation=&#8221;fadeIn&#8221; width=&#8221;1\/6&#8243;][\/vc_column][vc_column width=&#8221;2\/3&#8243;][vc_column_text css_animation=&#8221;none&#8221; css=&#8221;&#8221;]<\/p>\n<h1 style=\"text-align: center;\">CMR REAL ESTATE &amp; BUSINESS SOLUTIONS<\/h1>\n<h2 style=\"text-align: center;\">Tw\u00f3j zaufany partner biznesowy w Hiszpania<\/h2>\n<p style=\"text-align: center;\">Z ponad 20-letnim do\u015bwiadczeniem na rynkach nieruchomo\u015bci w Hiszpanii i Holandii, pomogli\u015bmy niezliczonym inwestorom i przedsi\u0119biorcom stworzy\u0107 dochodowe, bezpieczne i trwa\u0142e przedsi\u0119wzi\u0119cia. Nasza droga pozwoli\u0142a nam g\u0142\u0119boko zrozumie\u0107, co jest potrzebne, aby odnie\u015b\u0107 sukces na arenie mi\u0119dzynarodowej \u2014 \u0142\u0105cz\u0105c lokaln\u0105 wiedz\u0119 z globaln\u0105 strategi\u0105.<\/p>\n<p>[\/vc_column_text][\/vc_column][vc_column width=&#8221;1\/6&#8243;][\/vc_column][\/vc_row][vc_row css=&#8221;.vc_custom_1748511904605{padding-top: 50px !important;padding-bottom: 50px !important;}&#8221;][vc_column][vc_column_text css=&#8221;&#8221;]<\/p>\n<h1>Nasz Zesp\u00f3\u0142 Sprzeda\u017cy<\/h1>\n<p>[\/vc_column_text][vc_column_text css=&#8221;&#8221;]\t\t<div class=\"wp-tsas-slider-wrap \">\r\n\t\t\t<div id=\"wp-tsas-slider-1\" class=\"wp_teamshowcase_slider tsas-enable-popup design-2\">\r\n\t\t\t\t<div class=\"team-slider \">\r\n\t<div class=\"teamshowcase-image-bg\">\r\n\t\t<img decoding=\"async\"  src=\"https:\/\/www.cmrspain.com\/wp-content\/uploads\/2025\/06\/Stephanie-img.jpg\" alt=\"Stephanie\" \/>\r\n\t\t\t\t\t<a class=\"teamshowcase-hover-icon popup-modal\" data-mfp-src=\"#popup-1-1\" href=\"javascript:void(0);\"><i class=\"fa fa-plus-circle\"><\/i><\/a>\r\n\t\t\t\t<div class=\"member-overlay\">\r\n\t\t\t<div class=\"member-name\">Stephanie<\/div>\r\n\t\t\t\t\t<\/div>\r\n\t<\/div>\r\n\r\n\t<div class=\"member-content\">\r\n\t\t<div class=\"member-desc\"> \r\n\t\t\t\t\t\t\tDoradca ds. sprzeda\u017cy\t\t\t\t\t<\/div>\r\n\r\n\t\t\t<\/div>\r\n\r\n\t<\/div><div class=\"team-slider \">\r\n\t<div class=\"teamshowcase-image-bg\">\r\n\t\t<img decoding=\"async\"  src=\"https:\/\/www.cmrspain.com\/wp-content\/uploads\/2025\/05\/Nilianna-img-1.jpg\" alt=\"Nilianna\" \/>\r\n\t\t\t\t\t<a class=\"teamshowcase-hover-icon popup-modal\" data-mfp-src=\"#popup-1-2\" href=\"javascript:void(0);\"><i class=\"fa fa-plus-circle\"><\/i><\/a>\r\n\t\t\t\t<div class=\"member-overlay\">\r\n\t\t\t<div class=\"member-name\">Nilianna<\/div>\r\n\t\t\t\t\t<\/div>\r\n\t<\/div>\r\n\r\n\t<div class=\"member-content\">\r\n\t\t<div class=\"member-desc\"> \r\n\t\t\t\t\t\t\tDoradca ds. sprzeda\u017cy\t\t\t\t\t<\/div>\r\n\r\n\t\t\t<\/div>\r\n\r\n\t<\/div><div class=\"team-slider \">\r\n\t<div class=\"teamshowcase-image-bg\">\r\n\t\t<img decoding=\"async\"  src=\"https:\/\/www.cmrspain.com\/wp-content\/uploads\/2025\/05\/rita-img.jpg\" alt=\"Rita\" \/>\r\n\t\t\t\t\t<a class=\"teamshowcase-hover-icon popup-modal\" data-mfp-src=\"#popup-1-3\" href=\"javascript:void(0);\"><i class=\"fa fa-plus-circle\"><\/i><\/a>\r\n\t\t\t\t<div class=\"member-overlay\">\r\n\t\t\t<div class=\"member-name\">Rita<\/div>\r\n\t\t\t\t\t<\/div>\r\n\t<\/div>\r\n\r\n\t<div class=\"member-content\">\r\n\t\t<div class=\"member-desc\"> \r\n\t\t\t\t\t\t\tDoradca ds. Sprzeda\u017cy\t\t\t\t\t<\/div>\r\n\r\n\t\t\t<\/div>\r\n\r\n\t<\/div><div class=\"team-slider \">\r\n\t<div class=\"teamshowcase-image-bg\">\r\n\t\t<img decoding=\"async\"  src=\"https:\/\/www.cmrspain.com\/wp-content\/uploads\/2025\/05\/aira-javier-img.jpg\" alt=\"Aira Javier\" \/>\r\n\t\t\t\t\t<a class=\"teamshowcase-hover-icon popup-modal\" data-mfp-src=\"#popup-1-4\" href=\"javascript:void(0);\"><i class=\"fa fa-plus-circle\"><\/i><\/a>\r\n\t\t\t\t<div class=\"member-overlay\">\r\n\t\t\t<div class=\"member-name\">Aira Javier<\/div>\r\n\t\t\t\t\t<\/div>\r\n\t<\/div>\r\n\r\n\t<div class=\"member-content\">\r\n\t\t<div class=\"member-desc\"> \r\n\t\t\t\t\t\t\tSpecjalista ds. Marketingu i Doradca ds. Sprzeda\u017cy\t\t\t\t\t<\/div>\r\n\r\n\t\t\t<\/div>\r\n\r\n\t<\/div><div class=\"team-slider \">\r\n\t<div class=\"teamshowcase-image-bg\">\r\n\t\t<img decoding=\"async\"  src=\"https:\/\/www.cmrspain.com\/wp-content\/uploads\/2025\/06\/Jeydar.jpg\" alt=\"Jeydar\" \/>\r\n\t\t\t\t\t<a class=\"teamshowcase-hover-icon popup-modal\" data-mfp-src=\"#popup-1-5\" href=\"javascript:void(0);\"><i class=\"fa fa-plus-circle\"><\/i><\/a>\r\n\t\t\t\t<div class=\"member-overlay\">\r\n\t\t\t<div class=\"member-name\">Jeydar<\/div>\r\n\t\t\t\t\t<\/div>\r\n\t<\/div>\r\n\r\n\t<div class=\"member-content\">\r\n\t\t<div class=\"member-desc\"> \r\n\t\t\t\t\t\t\t Doradca ds. Sprzeda\u017cy\t\t\t\t\t<\/div>\r\n\r\n\t\t\t<\/div>\r\n\r\n\t<\/div>\t\t\t<\/div>\r\n\t\t\t\r\n<div id=\"popup-1-1\" class=\"mfp-hide white-popup-block wp-tsas-popup-wrp\">\r\n\t<header>\r\n\t\t<div class=\"wp-modal-header ng-scope\" style=\"background:url(https:\/\/www.cmrspain.com\/wp-content\/uploads\/2025\/06\/Stephanie-img.jpg) center top no-repeat;\">\r\n\t\t\t<div class=\"member-popup-info\">\r\n\t\t\t\t<div class=\"member-name\">Stephanie<\/div>\r\n\t\t\t\t\t\t\t<\/div>\r\n\t\t<\/div>\r\n\t<\/header>\r\n\r\n\t<div class=\"wp-modal-body\">\r\n\t\t<p>Pochodz\u0119 z Niderland\u00f3w, a Hiszpania sta\u0142 si\u0119 moim domem ju\u017c kilka lat temu. To, co zacz\u0119\u0142o si\u0119 jako fascynacja tym dynamicznym miastem, szybko przerodzi\u0142o si\u0119 w rozwijaj\u0105c\u0105 si\u0119 karier\u0119 w bran\u017cy nieruchomo\u015bci. Jako agent nieruchomo\u015bci mia\u0142em przyjemno\u015b\u0107 pomaga\u0107 klientom z ca\u0142ego \u015bwiata w znalezieniu wymarzonego domu oraz mo\u017cliwo\u015bci inwestycyjnych na jednym z najbardziej ekscytuj\u0105cych rynk\u00f3w na \u015bwiecie. Z holendersk\u0105 dba\u0142o\u015bci\u0105 o szczeg\u00f3\u0142y i ambicj\u0105 nap\u0119dzan\u0105 przez Hiszpania, \u0142\u0105cz\u0119 jasn\u0105 komunikacj\u0119 z lokaln\u0105 wiedz\u0105 \u2014 zawsze z osobistym podej\u015bciem.<\/p>\n\t<\/div>\r\n\r\n<\/div>\r\n<div id=\"popup-1-2\" class=\"mfp-hide white-popup-block wp-tsas-popup-wrp\">\r\n\t<header>\r\n\t\t<div class=\"wp-modal-header ng-scope\" style=\"background:url(https:\/\/www.cmrspain.com\/wp-content\/uploads\/2025\/05\/Nilianna-img-1.jpg) center top no-repeat;\">\r\n\t\t\t<div class=\"member-popup-info\">\r\n\t\t\t\t<div class=\"member-name\">Nilianna<\/div>\r\n\t\t\t\t\t\t\t<\/div>\r\n\t\t<\/div>\r\n\t<\/header>\r\n\r\n\t<div class=\"wp-modal-body\">\r\n\t\t<p data-start=\"57\" data-end=\"374\">Cze\u015b\u0107, nazywam si\u0119 Nilianna \u2013 jestem pasjonatk\u0105 nieruchomo\u015bci z zami\u0142owaniem do przekszta\u0142cania zwyk\u0142ych przestrzeni w przytulne, go\u015bcinne domy. Zacz\u0105\u0142am inwestowa\u0107 w nieruchomo\u015bci w 2017 roku i od tego czasu zarz\u0105dzam swoimi w\u0142asnymi nieruchomo\u015bciami \u2013 od remont\u00f3w po pe\u0142ne przygotowanie pod kr\u00f3tkoterminowy wynajem.<\/p>\n<p data-start=\"376\" data-end=\"595\">Zanim wkroczy\u0142am do \u015bwiata nieruchomo\u015bci, przez 15 lat pracowa\u0142am jako stewardessa w Emirates, obs\u0142uguj\u0105c VIP-\u00f3w w klasie pierwszej \u2013 co nauczy\u0142o mnie, jak \u015bwiadczy\u0107 us\u0142ugi na \u015bwiatowym poziomie i dba\u0107 o ka\u017cdy szczeg\u00f3\u0142.<\/p>\n<p data-start=\"597\" data-end=\"917\">Teraz przenosz\u0119 ten sam poziom troski i doskona\u0142o\u015bci do zarz\u0105dzania nieruchomo\u015bciami i prowadzenia Airbnb. M\u00f3wi\u0119 zar\u00f3wno po angielsku, jak i po polsku, i uwielbiam pracowa\u0107 z lud\u017ami \u2013 czy to pomagaj\u0105c im znale\u017a\u0107 odpowiedni\u0105 inwestycj\u0119, tworz\u0105c stylow\u0105 przestrze\u0144, czy po prostu dbaj\u0105c, aby wszystko przebiega\u0142o sprawnie.<\/p>\n<p data-start=\"919\" data-end=\"1170\">Ludzie m\u00f3wi\u0105, \u017ce jestem zaradna, niezawodna i \u015bwietnie dostrzegam okazje, kt\u00f3re inni mog\u0105 przeoczy\u0107 \u2013 lubi\u0119 dostarcza\u0107 wysokiej jako\u015bci wyniki bez nadmiernych wydatk\u00f3w. Je\u015bli szukasz kogo\u015b, kto \u0142\u0105czy ciep\u0142o z fachowo\u015bci\u0105, \u015bmia\u0142o si\u0119 ze mn\u0105 skontaktuj.<\/p>\n<p data-start=\"1172\" data-end=\"1302\">Ciesz\u0119 si\u0119, \u017ce mog\u0119 by\u0107 cz\u0119\u015bci\u0105 zespo\u0142u CMR Real Estate w Hiszpania i pomaga\u0107 naszym klientom znale\u017a\u0107 ich idealny dom lub inwestycj\u0119.<\/p>\n\t<\/div>\r\n\r\n<\/div>\r\n<div id=\"popup-1-3\" class=\"mfp-hide white-popup-block wp-tsas-popup-wrp\">\r\n\t<header>\r\n\t\t<div class=\"wp-modal-header ng-scope\" style=\"background:url(https:\/\/www.cmrspain.com\/wp-content\/uploads\/2025\/05\/rita-img.jpg) center top no-repeat;\">\r\n\t\t\t<div class=\"member-popup-info\">\r\n\t\t\t\t<div class=\"member-name\">Rita<\/div>\r\n\t\t\t\t\t\t\t<\/div>\r\n\t\t<\/div>\r\n\t<\/header>\r\n\r\n\t<div class=\"wp-modal-body\">\r\n\t\t<p>azywam si\u0119 Rita i z przyjemno\u015bci\u0105 przedstawiam si\u0119 jako Doradczyni ds. Nieruchomo\u015bci w CMR Spain Real Estate &amp; Business Solutions. M\u00f3wi\u0119 po tajsku i angielsku, a moje cenne do\u015bwiadczenie w pracy z osobami z r\u00f3\u017cnych kultur zdoby\u0142am, mieszkaj\u0105c i pracuj\u0105c wcze\u015bniej w Singapurze.<\/p>\n<p>Po wielu latach sp\u0119dzonych w r\u00f3\u017cnych krajach Azji, w tym w moim rodzinnym mie\u015bcie Chiang Mai, zdecydowa\u0142am si\u0119 przeprowadzi\u0107 do Bangkoku. Od ponad czterech lat mieszkam i pracuj\u0119 w stolicy. W mojej poprzedniej roli jako Doradczyni ds. Sprzeda\u017cy i Koordynatorka Projekt\u00f3w w firmie e-commerce by\u0142am odpowiedzialna za marketing, komunikacj\u0119 i sprzeda\u017c. To do\u015bwiadczenie ukszta\u0142towa\u0142o mnie jako profesjonalistk\u0119 posiadaj\u0105c\u0105 zar\u00f3wno wiedz\u0119, jak i \u0142atwo\u015b\u0107 nawi\u0105zywania relacji.<\/p>\n<p>Nieruchomo\u015bci od zawsze by\u0142y cz\u0119\u015bci\u0105 mojego otoczenia \u2014 dorasta\u0142am w turystycznym mie\u015bcie. Wej\u015bcie w bran\u017c\u0119 nieruchomo\u015bci by\u0142o dla mnie naturalnym i komfortowym krokiem.<\/p>\n<p>Moim celem jest zapewnienie klientom najwy\u017cszego poziomu obs\u0142ugi oraz wyj\u0105tkowego do\u015bwiadczenia zwi\u0105zanego z nieruchomo\u015bciami w Bangkoku.<\/p>\n<p>Sprawia mi ogromn\u0105 przyjemno\u015b\u0107 wspiera\u0107 klient\u00f3w na ka\u017cdym etapie ich drogi \u2014 nie tylko w znalezieniu idealnego domu, ale tak\u017ce w tym, by czuli si\u0119 mile widziani i pewni siebie przez ca\u0142y proces.<\/p>\n\t<\/div>\r\n\r\n<\/div>\r\n<div id=\"popup-1-4\" class=\"mfp-hide white-popup-block wp-tsas-popup-wrp\">\r\n\t<header>\r\n\t\t<div class=\"wp-modal-header ng-scope\" style=\"background:url(https:\/\/www.cmrspain.com\/wp-content\/uploads\/2025\/05\/aira-javier-img.jpg) center top no-repeat;\">\r\n\t\t\t<div class=\"member-popup-info\">\r\n\t\t\t\t<div class=\"member-name\">Aira Javier<\/div>\r\n\t\t\t\t\t\t\t<\/div>\r\n\t\t<\/div>\r\n\t<\/header>\r\n\r\n\t<div class=\"wp-modal-body\">\r\n\t\t<p>Nazywam si\u0119 Aira Javier, jestem liderk\u0105 ds. marketingu i sprzeda\u017cy w CMR Real Estate. Pochodz\u0119 z Filipin, a obecnie mieszkam w Bangkoku, w Tajlandii.<\/p>\n<p>Specjalizuj\u0119 si\u0119 w strategii marketingowej, kinematografii, reklamach wideo, budowaniu marki oraz tworzeniu stron internetowych. Uwielbiam tworzy\u0107 tre\u015bci, kt\u00f3re nie tylko \u015bwietnie wygl\u0105daj\u0105, ale tak\u017ce przynosz\u0105 realne rezultaty.<\/p>\n<p>W CMR Real Estate pomagam naszym klientom znale\u017a\u0107 najlepsze mo\u017cliwo\u015bci inwestycyjne \u2014 niezale\u017cnie od tego, czy szukaj\u0105 wymarzonego domu, czy m\u0105drej inwestycji. Moim celem jest zawsze \u0142\u0105czenie \u015bwietnych pomys\u0142\u00f3w z odpowiedni\u0105 publiczno\u015bci\u0105.<\/p>\n\t<\/div>\r\n\r\n<\/div>\r\n<div id=\"popup-1-5\" class=\"mfp-hide white-popup-block wp-tsas-popup-wrp\">\r\n\t<header>\r\n\t\t<div class=\"wp-modal-header ng-scope\" style=\"background:url(https:\/\/www.cmrspain.com\/wp-content\/uploads\/2025\/06\/Jeydar.jpg) center top no-repeat;\">\r\n\t\t\t<div class=\"member-popup-info\">\r\n\t\t\t\t<div class=\"member-name\">Jeydar<\/div>\r\n\t\t\t\t\t\t\t<\/div>\r\n\t\t<\/div>\r\n\t<\/header>\r\n\r\n\t<div class=\"wp-modal-body\">\r\n\t\t<p>Jestem specjalist\u0105 ds. nieruchomo\u015bci w firmie CMR Real Estate &amp; Business Solutions, z wieloletnim do\u015bwiadczeniem na rynku nieruchomo\u015bci, szczeg\u00f3lnie w <strong>Chiang Mai w Tajlandii,<\/strong> gdzie mia\u0142em przyjemno\u015b\u0107 pomaga\u0107 wielu klientom w znalezieniu odpowiedniej nieruchomo\u015bci lub dokonaniu m\u0105drej i bezpiecznej inwestycji. Obecnie rozszerzam swoj\u0105 dzia\u0142alno\u015b\u0107 na Hiszpania \u2013 szybko rozwijaj\u0105cy si\u0119 rynek pe\u0142en ekscytuj\u0105cych mo\u017cliwo\u015bci.<\/p>\n<p>Wierz\u0119 w osobiste i ludzkie podej\u015bcie, w kt\u00f3rym ka\u017cdy klient czuje si\u0119 zaopiekowany, zrozumiany i dobrze poinformowany. Wiem, jak wa\u017cne jest podejmowanie decyzji inwestycyjnych z pewno\u015bci\u0105 siebie, dlatego zobowi\u0105zuj\u0119 si\u0119 do \u015bwiadczenia profesjonalnej, przejrzystej obs\u0142ugi dostosowanej do Twoich cel\u00f3w.<\/p>\n<p>Je\u015bli rozwa\u017casz inwestycj\u0119 w <strong>Tajlandii lub Hiszpania<\/strong>, z przyjemno\u015bci\u0105 pomog\u0119 Ci podj\u0105\u0107 ten krok z jasn\u0105 perspektyw\u0105 i d\u0142ugoterminow\u0105 wizj\u0105.<\/p>\n\t<\/div>\r\n\r\n<\/div>\t\t\t<div class=\"slider-conf-data\" data-conf=\"{&quot;slides_column&quot;:&quot;4&quot;,&quot;slides_scroll&quot;:1,&quot;dots&quot;:&quot;true&quot;,&quot;arrows&quot;:&quot;true&quot;,&quot;autoplay&quot;:&quot;true&quot;,&quot;autoplay_interval&quot;:3000,&quot;speed&quot;:300,&quot;lazyload&quot;:&quot;&quot;}\"><\/div>\r\n\t\t<\/div>\r\n\t[\/vc_column_text][\/vc_column][\/vc_row][vc_row full_width=&#8221;stretch_row&#8221; full_height=&#8221;yes&#8221; el_class=&#8221;txtAbout&#8221; css=&#8221;.vc_custom_1749636911154{padding-top: 50px !important;padding-bottom: 50px !important;background-image: url(https:\/\/www.cmrspain.com\/wp-content\/uploads\/2025\/06\/plaza-de-espana-en-sevilla-en-espana-2.jpg?id=974) !important;background-position: center !important;background-repeat: no-repeat !important;background-size: cover !important;}&#8221;][vc_column][vc_column_text css=&#8221;&#8221;]<span style=\"color: #000000;\">Teraz rozszerzamy dzia\u0142alno\u015b\u0107 na jeden z najbardziej obiecuj\u0105cych rynk\u00f3w na \u015bwiecie: Hiszpania.<\/span><\/p>\n<p><span style=\"color: #000000;\">To miasto nas inspiruje \u2014 nie tylko ze wzgl\u0119du na szybki rozw\u00f3j i \u015bwiatowej klasy infrastruktur\u0119, ale tak\u017ce dzi\u0119ki otwarto\u015bci na inwestycje zagraniczne, strategicznemu po\u0142o\u017ceniu i dynamicznemu ekosystemowi innowacji.<\/span><\/p>\n<p><span style=\"color: #000000;\">W CMR wierzymy, \u017ce Hiszpania to przysz\u0142o\u015b\u0107 inteligentnego inwestowania i ekspansji biznesowej. Niezale\u017cnie od tego, czy zak\u0142adasz firm\u0119, kupujesz nieruchomo\u015b\u0107, czy analizujesz mo\u017cliwo\u015bci inwestycyjne, oferujemy zaufane doradztwo, kompleksowe wsparcie i praktyczne do\u015bwiadczenie, kt\u00f3re pomog\u0105 Ci odnie\u015b\u0107 sukces w Zjednoczonych Emiratach Arabskich.<\/span><\/p>\n<p><span style=\"color: #000000;\"><strong>Skontaktuj si\u0119 z nami ju\u017c dzi\u015b, aby zbudowa\u0107 swoj\u0105 przysz\u0142o\u015b\u0107 w Hiszpania!<\/strong><\/span><\/p>\n<p>&nbsp;<\/p>\n<h2 style=\"text-align: center;\">DLACZEGO WARTO INWESTOWA\u0106 W HISZPANIA?<\/h2>\n<p>[\/vc_column_text][vc_row_inner][vc_column_inner width=&#8221;1\/2&#8243;][vc_column_text css=&#8221;&#8221;]<\/p>\n<h3>Nie tylko obserwuj przysz\u0142o\u015b\u0107 \u2013 b\u0105d\u017a jej cz\u0119\u015bci\u0105:<\/h3>\n<p class=\"big\"><span style=\"color: #000000;\">Hiszpania to nie moda ani pusta obietnica \u2014 to rynek, kt\u00f3ry ju\u017c si\u0119 sprawdzi\u0142. Miasto stworzone z my\u015bl\u0105 o przyci\u0105ganiu talent\u00f3w, kapita\u0142u i innowacji. Dzi\u0119ki przejrzystym regulacjom, efektywnym systemom i wizji zorientowanej na przysz\u0142o\u015b\u0107, Hiszpania oferuje stabilne i dynamiczne \u015brodowisko dla inwestor\u00f3w gotowych my\u015ble\u0107 d\u0142ugofalowo.<\/span><\/p>\n<p class=\"big\"><span style=\"color: #000000;\">W CMR Real Estate &amp; Business Solutions doradzamy klientom z ca\u0142ego \u015bwiata od ponad dw\u00f3ch dekad. Widzieli\u015bmy wzloty i upadki rynk\u00f3w i wiemy, kiedy pojawia si\u0119 prawdziwa okazja. Hiszpania to w\u0142a\u015bnie taka okazja.<\/span><\/p>\n<p>[\/vc_column_text][vc_text_separator title=&#8221;&#8221; i_icon_fontawesome=&#8221;fa fa-solid fa-angle-down&#8221; i_color=&#8221;custom&#8221; i_size=&#8221;sm&#8221; color=&#8221;custom&#8221; el_width=&#8221;50&#8243; css=&#8221;&#8221; add_icon=&#8221;true&#8221; i_custom_color=&#8221;#A6A5A5&#8243; accent_color=&#8221;#A6A5A5&#8243;][vc_column_text css=&#8221;&#8221;]<\/p>\n<h3>Strategiczne po\u0142o\u017cenie. Globalne powi\u0105zania:<\/h3>\n<p class=\"big\"><span style=\"color: #000000;\">Hiszpania zapewnia bezpo\u015bredni dost\u0119p do Europy, Azji i Afryki. Jego \u015bwiatowej klasy infrastruktura czyni go nie tylko w\u0119z\u0142em komunikacyjnym, ale r\u00f3wnie\u017c platform\u0105 startow\u0105 dla biznesu, \u0142\u0105cz\u0105c\u0105 Ci\u0119 z rynkami mi\u0119dzynarodowymi i globalnymi odbiorcami.<\/span><\/p>\n<p>[\/vc_column_text][vc_text_separator title=&#8221;&#8221; i_icon_fontawesome=&#8221;fa fa-solid fa-angle-down&#8221; i_color=&#8221;custom&#8221; i_size=&#8221;sm&#8221; color=&#8221;custom&#8221; el_width=&#8221;50&#8243; css=&#8221;&#8221; add_icon=&#8221;true&#8221; i_custom_color=&#8221;#A6A5A5&#8243; accent_color=&#8221;#A6A5A5&#8243;][vc_column_text css=&#8221;&#8221;]<\/p>\n<h3>Rynek nieruchomo\u015bci o solidnych fundamentach:<\/h3>\n<p class=\"big\"><span style=\"color: #000000;\">Od mieszka\u0144 po powierzchnie komercyjne \u2014 zapotrzebowanie na wysokiej jako\u015bci nieruchomo\u015bci stale ro\u015bnie. Nap\u0119dzany przez rosn\u0105c\u0105 populacj\u0119, stabilny nap\u0142yw turyst\u00f3w i polityk\u0119 sprzyjaj\u0105c\u0105 inwestycjom, rynek nieruchomo\u015bci w Hiszpania oferuje realny, d\u0142ugoterminowy potencja\u0142 wzrostu warto\u015bci i generowania dochodu.<\/span><\/p>\n<p>[\/vc_column_text][\/vc_column_inner][vc_column_inner width=&#8221;1\/2&#8243;][vc_column_text css=&#8221;&#8221;]<\/p>\n<h3>Przyjazne podatki dla inwestor\u00f3w:<\/h3>\n<p class=\"big\"><span style=\"color: #000000;\">Hiszpania oferuje bardzo konkurencyjne warunki fiskalne. Brak podatku dochodowego od os\u00f3b fizycznych oraz pe\u0142na w\u0142asno\u015b\u0107 zagraniczna w wyznaczonych strefach czyni\u0105 to miejsce przyjaznym dla inwestor\u00f3w z ca\u0142ego \u015bwiata. Rezultat? \u015arodowisko sprzyjaj\u0105ce biznesowi, w kt\u00f3rym Tw\u00f3j kapita\u0142 dzia\u0142a wydajniej.<\/span><\/p>\n<p>[\/vc_column_text][vc_text_separator title=&#8221;&#8221; i_icon_fontawesome=&#8221;fa fa-solid fa-angle-down&#8221; i_color=&#8221;custom&#8221; i_size=&#8221;sm&#8221; color=&#8221;custom&#8221; el_width=&#8221;50&#8243; css=&#8221;&#8221; add_icon=&#8221;true&#8221; i_custom_color=&#8221;#A6A5A5&#8243; accent_color=&#8221;#A6A5A5&#8243;][vc_column_text css=&#8221;&#8221;]<\/p>\n<h3>Opcje rezydencji dla inwestor\u00f3w:<\/h3>\n<p class=\"big\"><span style=\"color: #000000;\">Hiszpania wprowadzi\u0142 programy rezydencji powi\u0105zane z inwestycjami w nieruchomo\u015bci i biznes. Je\u015bli rozwa\u017casz d\u0142ugoterminowe mo\u017cliwo\u015bci w ZEA, pomo\u017cemy Ci zrozumie\u0107 kwalifikacje, dost\u0119pne opcje oraz kroki, jakie trzeba podj\u0105\u0107 \u2014 jasno i precyzyjnie.<\/span><\/p>\n<p>[\/vc_column_text][vc_text_separator title=&#8221;&#8221; i_icon_fontawesome=&#8221;fa fa-solid fa-angle-down&#8221; i_color=&#8221;custom&#8221; i_size=&#8221;sm&#8221; color=&#8221;custom&#8221; el_width=&#8221;50&#8243; css=&#8221;&#8221; add_icon=&#8221;true&#8221; i_custom_color=&#8221;#A6A5A5&#8243; accent_color=&#8221;#A6A5A5&#8243;][vc_column_text css=&#8221;&#8221;]<\/p>\n<h3>Bezpiecze\u0144stwo prawne i wizja d\u0142ugoterminowa:<\/h3>\n<p class=\"big\"><span style=\"color: #000000;\">To miasto oparte na strukturze. Przejrzyste procedury, zdigitalizowane systemy i regulacje zorientowane na inwestora tworz\u0105 bezpieczne i przewidywalne otoczenie, kt\u00f3re jest niezb\u0119dne dla zr\u00f3wnowa\u017conego wzrostu.<\/span><\/p>\n<p>[\/vc_column_text][\/vc_column_inner][\/vc_row_inner][\/vc_column][\/vc_row][vc_row css=&#8221;.vc_custom_1742986828501{margin-top: 50px !important;}&#8221;][vc_column][vc_text_separator title=&#8221;&#8221; i_type=&#8221;linecons&#8221; i_icon_linecons=&#8221;vc_li vc_li-diamond&#8221; i_color=&#8221;custom&#8221; el_width=&#8221;20&#8243; css=&#8221;&#8221; add_icon=&#8221;true&#8221; i_custom_color=&#8221;#909090&#8243;][\/vc_column][\/vc_row][vc_row][vc_column css_animation=&#8221;fadeIn&#8221; width=&#8221;1\/6&#8243;][\/vc_column][vc_column width=&#8221;2\/3&#8243;][vc_column_text css=&#8221;&#8221;]<\/p>\n<h4 style=\"text-align: center;\">Dlaczego warto wybra\u0107 CMR?<\/h4>\n<p>[\/vc_column_text][vc_column_text css=&#8221;&#8221;]<\/p>\n<p class=\"big\">Bo nie sprzedajemy z\u0142udze\u0144 \u2014 tworzymy strategie. S\u0142uchamy Twoich cel\u00f3w, analizujemy rynek i dostarczamy rozwi\u0105zania dopasowane do Twoich potrzeb. Niezale\u017cnie od tego, czy kupujesz nieruchomo\u015b\u0107, zak\u0142adasz firm\u0119, czy po raz pierwszy wchodzisz na rynek HISZPANIA \u2014 dostarczamy wiedz\u0119 i wsparcie, kt\u00f3re pozwol\u0105 Ci to zrealizowa\u0107.<\/p>\n<p class=\"big\" style=\"text-align: center;\"><strong>Hiszpania nie jest dla tych, kt\u00f3rzy czekaj\u0105. Jest dla tych, kt\u00f3rzy dzia\u0142aj\u0105.<\/strong><br \/>\n<strong>A w CMR jeste\u015bmy gotowi, gdy Ty b\u0119dziesz.<\/strong><\/p>\n<p>[\/vc_column_text][\/vc_column][vc_column width=&#8221;1\/6&#8243;][\/vc_column][\/vc_row][vc_row css=&#8221;.vc_custom_1742986828501{margin-top: 50px !important;}&#8221;][vc_column][vc_text_separator title=&#8221;&#8221; i_type=&#8221;linecons&#8221; i_icon_linecons=&#8221;vc_li vc_li-diamond&#8221; i_color=&#8221;custom&#8221; el_width=&#8221;20&#8243; css=&#8221;&#8221; add_icon=&#8221;true&#8221; i_custom_color=&#8221;#909090&#8243;][\/vc_column][\/vc_row][vc_row full_width=&#8221;stretch_row&#8221; css_animation=&#8221;fadeIn&#8221; css=&#8221;.vc_custom_1745407915493{margin-bottom: -15px !important;background-color: #D9D9D9 !important;}&#8221; el_class=&#8221;txtTitulo txtTituloFooter&#8221;][vc_column][\/vc_column][\/vc_row]<\/p>\n<\/div>","protected":false},"excerpt":{"rendered":"<p>[vc_row full_width=&#8221;stretch_row&#8221; el_class=&#8221;barraTitulo&#8221; css=&#8221;.vc_custom_1742898268307{padding-top: 25px !important;padding-bottom: 25px !important;background-color: #010101 !important;}&#8221;][vc_column css_animation=&#8221;fadeIn&#8221; width=&#8221;1\/6&#8243;][\/vc_column][vc_column width=&#8221;2\/3&#8243;][vc_column_text css_animation=&#8221;none&#8221; css=&#8221;&#8221;] CMR REAL ESTATE &amp; BUSINESS SOLUTIONS Tw\u00f3j zaufany partner biznesowy w<span class=\"excerpt-hellip\"> [\u2026]<\/span><\/p>\n","protected":false},"author":1,"featured_media":0,"parent":0,"menu_order":0,"comment_status":"closed","ping_status":"open","template":"","meta":{"footnotes":""},"class_list":["post-459","page","type-page","status-publish","hentry"],"aioseo_notices":[],"_links":{"self":[{"href":"https:\/\/www.cmrspain.com\/pl\/wp-json\/wp\/v2\/pages\/459","targetHints":{"allow":["GET"]}}],"collection":[{"href":"https:\/\/www.cmrspain.com\/pl\/wp-json\/wp\/v2\/pages"}],"about":[{"href":"https:\/\/www.cmrspain.com\/pl\/wp-json\/wp\/v2\/types\/page"}],"author":[{"embeddable":true,"href":"https:\/\/www.cmrspain.com\/pl\/wp-json\/wp\/v2\/users\/1"}],"replies":[{"embeddable":true,"href":"https:\/\/www.cmrspain.com\/pl\/wp-json\/wp\/v2\/comments?post=459"}],"version-history":[{"count":5,"href":"https:\/\/www.cmrspain.com\/pl\/wp-json\/wp\/v2\/pages\/459\/revisions"}],"predecessor-version":[{"id":994,"href":"https:\/\/www.cmrspain.com\/pl\/wp-json\/wp\/v2\/pages\/459\/revisions\/994"}],"wp:attachment":[{"href":"https:\/\/www.cmrspain.com\/pl\/wp-json\/wp\/v2\/media?parent=459"}],"curies":[{"name":"wp","href":"https:\/\/api.w.org\/{rel}","templated":true}]}}