{"id":455,"date":"2025-03-28T13:43:10","date_gmt":"2025-03-28T12:43:10","guid":{"rendered":"https:\/\/www.cmrspain.com\/about-us\/"},"modified":"2025-06-11T12:27:57","modified_gmt":"2025-06-11T10:27:57","slug":"sobre-nosotros","status":"publish","type":"page","link":"https:\/\/www.cmrspain.com\/es\/sobre-nosotros\/","title":{"rendered":"Sobre nosotros"},"content":{"rendered":"<div class=\"wpb-content-wrapper\"><p>[vc_row full_width=\u00bbstretch_row\u00bb el_class=\u00bbbarraTitulo\u00bb css=\u00bb.vc_custom_1742898268307{padding-top: 25px !important;padding-bottom: 25px !important;background-color: #010101 !important;}\u00bb][vc_column css_animation=\u00bbfadeIn\u00bb width=\u00bb1\/6&#8243;][\/vc_column][vc_column width=\u00bb2\/3&#8243;][vc_column_text css_animation=\u00bbnone\u00bb css=\u00bb\u00bb]<\/p>\n<h1 style=\"text-align: center;\">CMR REAL ESTATE &amp; BUSINESS SOLUTIONS<\/h1>\n<h2 style=\"text-align: center;\">Su socio de confianza para los negocios en Espa\u00f1a<\/h2>\n<p style=\"text-align: center;\">Con m\u00e1s de 20 a\u00f1os de experiencia en los mercados inmobiliarios de Espa\u00f1a y los Pa\u00edses Bajos, hemos ayudado a innumerables inversores y emprendedores a construir negocios rentables, seguros y sostenibles. Nuestro recorrido nos ha dado una comprensi\u00f3n profunda de lo que se necesita para tener \u00e9xito a nivel internacional, combinando conocimiento local con estrategia global.<\/p>\n<p>[\/vc_column_text][\/vc_column][vc_column width=\u00bb1\/6&#8243;][\/vc_column][\/vc_row][vc_row css=\u00bb.vc_custom_1748511951115{padding-top: 50px !important;padding-bottom: 50px !important;}\u00bb][vc_column][vc_column_text css=\u00bb\u00bb]<\/p>\n<h1>Nuestro equipo de ventas<\/h1>\n<p>[\/vc_column_text][vc_column_text css=\u00bb\u00bb]\t\t<div class=\"wp-tsas-slider-wrap \">\r\n\t\t\t<div id=\"wp-tsas-slider-1\" class=\"wp_teamshowcase_slider tsas-enable-popup design-2\">\r\n\t\t\t\t<div class=\"team-slider \">\r\n\t<div class=\"teamshowcase-image-bg\">\r\n\t\t<img decoding=\"async\"  src=\"https:\/\/www.cmrspain.com\/wp-content\/uploads\/2025\/06\/Stephanie-img.jpg\" alt=\"Stephanie\" \/>\r\n\t\t\t\t\t<a class=\"teamshowcase-hover-icon popup-modal\" data-mfp-src=\"#popup-1-1\" href=\"javascript:void(0);\"><i class=\"fa fa-plus-circle\"><\/i><\/a>\r\n\t\t\t\t<div class=\"member-overlay\">\r\n\t\t\t<div class=\"member-name\">Stephanie<\/div>\r\n\t\t\t\t\t<\/div>\r\n\t<\/div>\r\n\r\n\t<div class=\"member-content\">\r\n\t\t<div class=\"member-desc\"> \r\n\t\t\t\t\t\t\tAsesora de ventas\t\t\t\t\t<\/div>\r\n\r\n\t\t\t<\/div>\r\n\r\n\t<\/div><div class=\"team-slider \">\r\n\t<div class=\"teamshowcase-image-bg\">\r\n\t\t<img decoding=\"async\"  src=\"https:\/\/www.cmrspain.com\/wp-content\/uploads\/2025\/05\/Nilianna-img-1.jpg\" alt=\"Nilianna\" \/>\r\n\t\t\t\t\t<a class=\"teamshowcase-hover-icon popup-modal\" data-mfp-src=\"#popup-1-2\" href=\"javascript:void(0);\"><i class=\"fa fa-plus-circle\"><\/i><\/a>\r\n\t\t\t\t<div class=\"member-overlay\">\r\n\t\t\t<div class=\"member-name\">Nilianna<\/div>\r\n\t\t\t\t\t<\/div>\r\n\t<\/div>\r\n\r\n\t<div class=\"member-content\">\r\n\t\t<div class=\"member-desc\"> \r\n\t\t\t\t\t\t\tAsesora de ventas\t\t\t\t\t<\/div>\r\n\r\n\t\t\t<\/div>\r\n\r\n\t<\/div><div class=\"team-slider \">\r\n\t<div class=\"teamshowcase-image-bg\">\r\n\t\t<img decoding=\"async\"  src=\"https:\/\/www.cmrspain.com\/wp-content\/uploads\/2025\/05\/rita-img.jpg\" alt=\"Rita\" \/>\r\n\t\t\t\t\t<a class=\"teamshowcase-hover-icon popup-modal\" data-mfp-src=\"#popup-1-3\" href=\"javascript:void(0);\"><i class=\"fa fa-plus-circle\"><\/i><\/a>\r\n\t\t\t\t<div class=\"member-overlay\">\r\n\t\t\t<div class=\"member-name\">Rita<\/div>\r\n\t\t\t\t\t<\/div>\r\n\t<\/div>\r\n\r\n\t<div class=\"member-content\">\r\n\t\t<div class=\"member-desc\"> \r\n\t\t\t\t\t\t\tAsesora de Ventas\t\t\t\t\t<\/div>\r\n\r\n\t\t\t<\/div>\r\n\r\n\t<\/div><div class=\"team-slider \">\r\n\t<div class=\"teamshowcase-image-bg\">\r\n\t\t<img decoding=\"async\"  src=\"https:\/\/www.cmrspain.com\/wp-content\/uploads\/2025\/05\/aira-javier-img.jpg\" alt=\"Aira Javier\" \/>\r\n\t\t\t\t\t<a class=\"teamshowcase-hover-icon popup-modal\" data-mfp-src=\"#popup-1-4\" href=\"javascript:void(0);\"><i class=\"fa fa-plus-circle\"><\/i><\/a>\r\n\t\t\t\t<div class=\"member-overlay\">\r\n\t\t\t<div class=\"member-name\">Aira Javier<\/div>\r\n\t\t\t\t\t<\/div>\r\n\t<\/div>\r\n\r\n\t<div class=\"member-content\">\r\n\t\t<div class=\"member-desc\"> \r\n\t\t\t\t\t\t\tEspecialista en Marketing y Asesora de Ventas\t\t\t\t\t<\/div>\r\n\r\n\t\t\t<\/div>\r\n\r\n\t<\/div><div class=\"team-slider \">\r\n\t<div class=\"teamshowcase-image-bg\">\r\n\t\t<img decoding=\"async\"  src=\"https:\/\/www.cmrspain.com\/wp-content\/uploads\/2025\/06\/Jeydar.jpg\" alt=\"Jeydar\" \/>\r\n\t\t\t\t\t<a class=\"teamshowcase-hover-icon popup-modal\" data-mfp-src=\"#popup-1-5\" href=\"javascript:void(0);\"><i class=\"fa fa-plus-circle\"><\/i><\/a>\r\n\t\t\t\t<div class=\"member-overlay\">\r\n\t\t\t<div class=\"member-name\">Jeydar<\/div>\r\n\t\t\t\t\t<\/div>\r\n\t<\/div>\r\n\r\n\t<div class=\"member-content\">\r\n\t\t<div class=\"member-desc\"> \r\n\t\t\t\t\t\t\tAsesora de ventas\t\t\t\t\t<\/div>\r\n\r\n\t\t\t<\/div>\r\n\r\n\t<\/div>\t\t\t<\/div>\r\n\t\t\t\r\n<div id=\"popup-1-1\" class=\"mfp-hide white-popup-block wp-tsas-popup-wrp\">\r\n\t<header>\r\n\t\t<div class=\"wp-modal-header ng-scope\" style=\"background:url(https:\/\/www.cmrspain.com\/wp-content\/uploads\/2025\/06\/Stephanie-img.jpg) center top no-repeat;\">\r\n\t\t\t<div class=\"member-popup-info\">\r\n\t\t\t\t<div class=\"member-name\">Stephanie<\/div>\r\n\t\t\t\t\t\t\t<\/div>\r\n\t\t<\/div>\r\n\t<\/header>\r\n\r\n\t<div class=\"wp-modal-body\">\r\n\t\t<p>Originaria de los Pa\u00edses Bajos, he llamado hogar a Dub\u00e1i desde hace ya varios a\u00f1os. Lo que comenz\u00f3 como una fascinaci\u00f3n por esta ciudad din\u00e1mica r\u00e1pidamente se convirti\u00f3 en una pr\u00f3spera carrera en el sector inmobiliario. Como agente de bienes ra\u00edces, he tenido el privilegio de ayudar a clientes de todo el mundo a encontrar la casa de sus sue\u00f1os y oportunidades de inversi\u00f3n en uno de los mercados m\u00e1s emocionantes del planeta. Con un ojo holand\u00e9s para los detalles y una ambici\u00f3n impulsada por Dub\u00e1i, combino una comunicaci\u00f3n clara con experiencia local, siempre con un toque personal.<\/p>\n\t<\/div>\r\n\r\n<\/div>\r\n<div id=\"popup-1-2\" class=\"mfp-hide white-popup-block wp-tsas-popup-wrp\">\r\n\t<header>\r\n\t\t<div class=\"wp-modal-header ng-scope\" style=\"background:url(https:\/\/www.cmrspain.com\/wp-content\/uploads\/2025\/05\/Nilianna-img-1.jpg) center top no-repeat;\">\r\n\t\t\t<div class=\"member-popup-info\">\r\n\t\t\t\t<div class=\"member-name\">Nilianna<\/div>\r\n\t\t\t\t\t\t\t<\/div>\r\n\t\t<\/div>\r\n\t<\/header>\r\n\r\n\t<div class=\"wp-modal-body\">\r\n\t\t<p>Hola, soy Nilianna, una entusiasta de las propiedades con pasi\u00f3n por convertir espacios ordinarios en hogares acogedores y c\u00e1lidos. Comenc\u00e9 a invertir en bienes ra\u00edces en 2017 y desde entonces he estado gestionando mis propias propiedades, desde la renovaci\u00f3n hasta la configuraci\u00f3n completa para alquileres a corto plazo.<\/p>\n<p>Antes de entrar en el mundo inmobiliario, pas\u00e9 15 a\u00f1os volando alrededor del mundo con Emirates, atendiendo a hu\u00e9spedes VIP en Primera Clase, lo que me ense\u00f1\u00f3 a ofrecer un servicio de clase mundial y atenci\u00f3n al detalle.<\/p>\n<p>Ahora, aplico ese mismo nivel de cuidado y excelencia en la gesti\u00f3n de propiedades y en la administraci\u00f3n de alojamientos en Airbnb. Hablo tanto ingl\u00e9s como polaco, y me encanta trabajar con personas, ya sea ayud\u00e1ndolas a encontrar la inversi\u00f3n adecuada, creando un espacio con estilo, o simplemente asegur\u00e1ndome de que todo funcione sin problemas.<\/p>\n<p>La gente dice que soy ingeniosa, confiable y que tengo un buen ojo para detectar oportunidades que otros podr\u00edan pasar por alto; me gusta entregar resultados de alta calidad sin gastar de m\u00e1s. Si buscas a alguien que combine calidez con conocimiento, no dudes en contactarme.<\/p>\n<p>Estoy feliz de formar parte del equipo de CMR Real Estate en Dub\u00e1i y ayudar a nuestros clientes a encontrar su hogar perfecto y\/o inversi\u00f3n.<\/p>\n\t<\/div>\r\n\r\n<\/div>\r\n<div id=\"popup-1-3\" class=\"mfp-hide white-popup-block wp-tsas-popup-wrp\">\r\n\t<header>\r\n\t\t<div class=\"wp-modal-header ng-scope\" style=\"background:url(https:\/\/www.cmrspain.com\/wp-content\/uploads\/2025\/05\/rita-img.jpg) center top no-repeat;\">\r\n\t\t\t<div class=\"member-popup-info\">\r\n\t\t\t\t<div class=\"member-name\">Rita<\/div>\r\n\t\t\t\t\t\t\t<\/div>\r\n\t\t<\/div>\r\n\t<\/header>\r\n\r\n\t<div class=\"wp-modal-body\">\r\n\t\t<p>Me llamo Rita y es un placer presentarme como Asesora Inmobiliaria en CMR Spain Real Estate &amp; Business Solutions. Hablo tailand\u00e9s e ingl\u00e9s, y aporto una valiosa experiencia trabajando con personas de diversos or\u00edgenes culturales, ya que anteriormente viv\u00ed y trabaj\u00e9 en Singapur.<\/p>\n<p>Despu\u00e9s de pasar muchos a\u00f1os en varios pa\u00edses asi\u00e1ticos, incluyendo mi ciudad natal, Chiang Mai, tom\u00e9 la decisi\u00f3n de mudarme a Bangkok. Llevo m\u00e1s de cuatro a\u00f1os viviendo y trabajando en la capital. En mi anterior puesto como Asesora de Ventas y Desarrolladora de Proyectos para una empresa de comercio electr\u00f3nico, estuve a cargo de marketing, comunicaci\u00f3n y ventas. Esta experiencia me ha convertido en una profesional con conocimientos s\u00f3lidos y un trato cercano.<\/p>\n<p>El sector inmobiliario siempre ha formado parte de mi entorno, ya que crec\u00ed en una ciudad tur\u00edstica. Ingresar a esta industria fue una evoluci\u00f3n natural y c\u00f3moda para m\u00ed.<\/p>\n<p>Mi objetivo es ofrecer a los clientes el m\u00e1s alto nivel de servicio y una experiencia inmobiliaria excepcional en Bangkok.<\/p>\n<p>Es realmente un placer para m\u00ed acompa\u00f1ar a los clientes en todo su proceso: no solo para encontrar el hogar ideal, sino tambi\u00e9n para asegurarme de que se sientan bienvenidos y seguros en cada paso del camino.<\/p>\n\t<\/div>\r\n\r\n<\/div>\r\n<div id=\"popup-1-4\" class=\"mfp-hide white-popup-block wp-tsas-popup-wrp\">\r\n\t<header>\r\n\t\t<div class=\"wp-modal-header ng-scope\" style=\"background:url(https:\/\/www.cmrspain.com\/wp-content\/uploads\/2025\/05\/aira-javier-img.jpg) center top no-repeat;\">\r\n\t\t\t<div class=\"member-popup-info\">\r\n\t\t\t\t<div class=\"member-name\">Aira Javier<\/div>\r\n\t\t\t\t\t\t\t<\/div>\r\n\t\t<\/div>\r\n\t<\/header>\r\n\r\n\t<div class=\"wp-modal-body\">\r\n\t\t<p>Soy Aira Javier, L\u00edder de Marketing y Ventas en CMR Real Estate. Soy originaria de Filipinas y actualmente resido en Bangkok, Tailandia.<\/p>\n<p>Estoy especializada en estrategia de marketing, cinematograf\u00eda, anuncios en video, construcci\u00f3n de marca y desarrollo de sitios web. Me encanta crear contenido que no solo se vea bien, sino que genere resultados reales.<\/p>\n<p>En CMR Real Estate, ayudo a nuestros clientes a encontrar las mejores oportunidades de inversi\u00f3n, ya sea que est\u00e9n buscando la casa de sus sue\u00f1os o una inversi\u00f3n inteligente. Mi objetivo siempre es conectar grandes ideas con la audiencia adecuada.<\/p>\n\t<\/div>\r\n\r\n<\/div>\r\n<div id=\"popup-1-5\" class=\"mfp-hide white-popup-block wp-tsas-popup-wrp\">\r\n\t<header>\r\n\t\t<div class=\"wp-modal-header ng-scope\" style=\"background:url(https:\/\/www.cmrspain.com\/wp-content\/uploads\/2025\/06\/Jeydar.jpg) center top no-repeat;\">\r\n\t\t\t<div class=\"member-popup-info\">\r\n\t\t\t\t<div class=\"member-name\">Jeydar<\/div>\r\n\t\t\t\t\t\t\t<\/div>\r\n\t\t<\/div>\r\n\t<\/header>\r\n\r\n\t<div class=\"wp-modal-body\">\r\n\t\t<p>Soy un agente especializado en CMR Real Estate &amp; Business Solutions, con varios a\u00f1os de experiencia en el mercado inmobiliario, especialmente en <strong>Chiang Mai, Tailandia,<\/strong> donde he tenido el privilegio de ayudar a muchos clientes a encontrar la propiedad adecuada o realizar inversiones inteligentes y seguras. Actualmente, estoy ampliando mi trabajo a Dub\u00e1i, un mercado en r\u00e1pido crecimiento lleno de oportunidades emocionantes.<\/p>\n<p>Creo en un enfoque personal y humano, donde cada cliente se sienta acompa\u00f1ado, comprendido y bien asesorado. S\u00e9 lo importante que es tomar decisiones de inversi\u00f3n con confianza, por eso me comprometo a ofrecer un servicio profesional, transparente y adaptado a tus objetivos.<\/p>\n<p>Si est\u00e1s considerando invertir en <strong>Tailandia o Dub\u00e1i<\/strong>, estar\u00e9 encantado de ayudarte a dar ese paso con claridad y visi\u00f3n a largo plazo.<\/p>\n\t<\/div>\r\n\r\n<\/div>\t\t\t<div class=\"slider-conf-data\" data-conf=\"{&quot;slides_column&quot;:&quot;4&quot;,&quot;slides_scroll&quot;:1,&quot;dots&quot;:&quot;true&quot;,&quot;arrows&quot;:&quot;true&quot;,&quot;autoplay&quot;:&quot;true&quot;,&quot;autoplay_interval&quot;:3000,&quot;speed&quot;:300,&quot;lazyload&quot;:&quot;&quot;}\"><\/div>\r\n\t\t<\/div>\r\n\t[\/vc_column_text][\/vc_column][\/vc_row][vc_row full_width=\u00bbstretch_row\u00bb full_height=\u00bbyes\u00bb el_class=\u00bbtxtAbout\u00bb css=\u00bb.vc_custom_1749636547650{padding-top: 50px !important;padding-bottom: 50px !important;background-image: url(https:\/\/www.cmrspain.com\/wp-content\/uploads\/2025\/06\/plaza-de-espana-en-sevilla-en-espana-2.jpg?id=971) !important;background-position: center !important;background-repeat: no-repeat !important;background-size: cover !important;}\u00bb][vc_column][vc_column_text css=\u00bb\u00bb]<span style=\"color: #000000;\">Ahora, nos estamos expandiendo hacia uno de los mercados m\u00e1s prometedores del mundo: Espa\u00f1a.<\/span><\/p>\n<p><span style=\"color: #000000;\">Esta ciudad nos inspira, no solo por su crecimiento acelerado y su infraestructura de primer nivel, sino tambi\u00e9n por su apertura a la inversi\u00f3n extranjera, su ubicaci\u00f3n estrat\u00e9gica a nivel global y su ecosistema de innovaci\u00f3n en constante crecimiento.<\/span><\/p>\n<p><span style=\"color: #000000;\">En CMR, creemos que Espa\u00f1a representa el futuro de la inversi\u00f3n inteligente y de la expansi\u00f3n empresarial. Ya sea que est\u00e9 lanzando una empresa, adquiriendo una propiedad o explorando oportunidades de inversi\u00f3n, le ofrecemos asesoramiento de confianza, apoyo integral y experiencia real para ayudarle a tener \u00e9xito en los Emiratos \u00c1rabes Unidos.<\/span><\/p>\n<p><span style=\"color: #000000;\"><strong>\u00a1Cont\u00e1ctenos hoy y construya su futuro en Espa\u00f1a!<\/strong><\/span><\/p>\n<p>&nbsp;<\/p>\n<h2 style=\"text-align: center;\">\u00bfPOR QU\u00c9 INVERTIR EN ESPA\u00d1A?<\/h2>\n<p>[\/vc_column_text][vc_row_inner][vc_column_inner width=\u00bb1\/2&#8243;][vc_column_text css=\u00bb\u00bb]<\/p>\n<h3>No se quede viendo el futuro pasar. Sea parte de \u00e9l:<\/h3>\n<p class=\"big\"><span style=\"color: #000000;\">Espa\u00f1a no es una moda ni una promesa vac\u00eda. Es un mercado que ha demostrado su solidez. Una ciudad construida con un prop\u00f3sito: atraer talento, capital e innovaci\u00f3n. Con regulaciones claras, sistemas eficientes y una visi\u00f3n orientada al futuro, Espa\u00f1a ofrece un entorno estable y din\u00e1mico para los inversores que piensan a largo plazo.<\/span><\/p>\n<p class=\"big\"><span style=\"color: #000000;\">En CMR Real Estate &amp; Business Solutions, hemos guiado a clientes internacionales durante m\u00e1s de dos d\u00e9cadas. Hemos visto subir y bajar mercados, y sabemos reconocer una oportunidad s\u00f3lida cuando la vemos. Espa\u00f1a es una de ellas.<\/span><\/p>\n<p>[\/vc_column_text][vc_text_separator title=\u00bb\u00bb i_icon_fontawesome=\u00bbfa fa-solid fa-angle-down\u00bb i_color=\u00bbcustom\u00bb i_size=\u00bbsm\u00bb color=\u00bbcustom\u00bb el_width=\u00bb50&#8243; css=\u00bb\u00bb add_icon=\u00bbtrue\u00bb i_custom_color=\u00bb#A6A5A5&#8243; accent_color=\u00bb#A6A5A5&#8243;][vc_column_text css=\u00bb\u00bb]<\/p>\n<h3>Ubicaci\u00f3n Estrat\u00e9gica. Conexi\u00f3n Global:<\/h3>\n<p class=\"big\"><span style=\"color: #000000;\">Espa\u00f1a ofrece acceso directo a Europa, Asia y \u00c1frica. Su infraestructura de primer nivel no solo lo convierte en un centro de transporte, sino en una plataforma de lanzamiento empresarial, conect\u00e1ndolo con mercados y audiencias internacionales.<\/span><\/p>\n<p>[\/vc_column_text][vc_text_separator title=\u00bb\u00bb i_icon_fontawesome=\u00bbfa fa-solid fa-angle-down\u00bb i_color=\u00bbcustom\u00bb i_size=\u00bbsm\u00bb color=\u00bbcustom\u00bb el_width=\u00bb50&#8243; css=\u00bb\u00bb add_icon=\u00bbtrue\u00bb i_custom_color=\u00bb#A6A5A5&#8243; accent_color=\u00bb#A6A5A5&#8243;][vc_column_text css=\u00bb\u00bb]<\/p>\n<h3>Un Mercado Inmobiliario con Fundamentos S\u00f3lidos:<\/h3>\n<p class=\"big\"><span style=\"color: #000000;\">Desde residenciales hasta comerciales, la demanda de propiedades de calidad sigue creciendo. Impulsado por una poblaci\u00f3n en aumento, un turismo constante y pol\u00edticas pro-inversi\u00f3n, el mercado inmobiliario de Espa\u00f1a presenta un potencial real y a largo plazo para la generaci\u00f3n de valor e ingresos.<\/span><\/p>\n<p>[\/vc_column_text][\/vc_column_inner][vc_column_inner width=\u00bb1\/2&#8243;][vc_column_text css=\u00bb\u00bb]<\/p>\n<h3>Entorno Fiscal Amigable para Inversores:<\/h3>\n<p class=\"big\"><span style=\"color: #000000;\">Espa\u00f1a ofrece un marco fiscal altamente competitivo. Sin impuestos sobre la renta personal y con plena propiedad extranjera en zonas designadas, est\u00e1 dise\u00f1ado para atraer y proteger a los inversores globales. \u00bfEl resultado? Un ambiente favorable para los negocios, donde su capital rinde m\u00e1s.<\/span><\/p>\n<p>[\/vc_column_text][vc_text_separator title=\u00bb\u00bb i_icon_fontawesome=\u00bbfa fa-solid fa-angle-down\u00bb i_color=\u00bbcustom\u00bb i_size=\u00bbsm\u00bb color=\u00bbcustom\u00bb el_width=\u00bb50&#8243; css=\u00bb\u00bb add_icon=\u00bbtrue\u00bb i_custom_color=\u00bb#A6A5A5&#8243; accent_color=\u00bb#A6A5A5&#8243;][vc_column_text css=\u00bb\u00bb]<\/p>\n<h3>Opciones de Residencia para Inversores:<\/h3>\n<p class=\"big\"><span style=\"color: #000000;\">Espa\u00f1a ha implementado programas de residencia vinculados a la inversi\u00f3n en bienes ra\u00edces y negocios. Si est\u00e1 explorando posibilidades a largo plazo en los EAU, le ayudaremos a entender su elegibilidad, las opciones disponibles y los pasos necesarios, con claridad y precisi\u00f3n.<\/span><\/p>\n<p>[\/vc_column_text][vc_text_separator title=\u00bb\u00bb i_icon_fontawesome=\u00bbfa fa-solid fa-angle-down\u00bb i_color=\u00bbcustom\u00bb i_size=\u00bbsm\u00bb color=\u00bbcustom\u00bb el_width=\u00bb50&#8243; css=\u00bb\u00bb add_icon=\u00bbtrue\u00bb i_custom_color=\u00bb#A6A5A5&#8243; accent_color=\u00bb#A6A5A5&#8243;][vc_column_text css=\u00bb\u00bb]<\/p>\n<h3>Seguridad Legal y Visi\u00f3n a Largo Plazo:<\/h3>\n<p class=\"big\"><span style=\"color: #000000;\">Esta es una ciudad construida con estructura. Procedimientos transparentes, sistemas digitalizados y una regulaci\u00f3n orientada al inversor crean un entorno seguro y predecible, esencial para un crecimiento sostenible.<\/span><\/p>\n<p>[\/vc_column_text][\/vc_column_inner][\/vc_row_inner][\/vc_column][\/vc_row][vc_row css=\u00bb.vc_custom_1742986828501{margin-top: 50px !important;}\u00bb][vc_column][vc_text_separator title=\u00bb\u00bb i_type=\u00bblinecons\u00bb i_icon_linecons=\u00bbvc_li vc_li-diamond\u00bb i_color=\u00bbcustom\u00bb el_width=\u00bb20&#8243; css=\u00bb\u00bb add_icon=\u00bbtrue\u00bb i_custom_color=\u00bb#909090&#8243;][\/vc_column][\/vc_row][vc_row][vc_column css_animation=\u00bbfadeIn\u00bb width=\u00bb1\/6&#8243;][\/vc_column][vc_column width=\u00bb2\/3&#8243;][vc_column_text css=\u00bb\u00bb]<\/p>\n<h4 style=\"text-align: center;\">\u00bfPor qu\u00e9 elegir CMR?<\/h4>\n<p>[\/vc_column_text][vc_column_text css=\u00bb\u00bb]<\/p>\n<p class=\"big\">Porque no vendemos ilusiones, construimos estrategias. Escuchamos sus objetivos, analizamos el mercado y ofrecemos soluciones a medida. Ya sea que est\u00e9 comprando una propiedad, lanzando una empresa o ingresando por primera vez al mercado de Espa\u00f1a, le proporcionamos el conocimiento y el respaldo para hacerlo realidad.<\/p>\n<p class=\"big\" style=\"text-align: center;\"><strong>Espa\u00f1a no es para quienes esperan. Es para quienes act\u00faan.<\/strong><br \/>\n<strong>Y en CMR, estamos listos cuando usted lo est\u00e9.<\/strong><\/p>\n<p>[\/vc_column_text][\/vc_column][vc_column width=\u00bb1\/6&#8243;][\/vc_column][\/vc_row][vc_row css=\u00bb.vc_custom_1742986828501{margin-top: 50px !important;}\u00bb][vc_column][vc_text_separator title=\u00bb\u00bb i_type=\u00bblinecons\u00bb i_icon_linecons=\u00bbvc_li vc_li-diamond\u00bb i_color=\u00bbcustom\u00bb el_width=\u00bb20&#8243; css=\u00bb\u00bb add_icon=\u00bbtrue\u00bb i_custom_color=\u00bb#909090&#8243;][\/vc_column][\/vc_row][vc_row full_width=\u00bbstretch_row\u00bb css_animation=\u00bbfadeIn\u00bb css=\u00bb.vc_custom_1745407915493{margin-bottom: -15px !important;background-color: #D9D9D9 !important;}\u00bb el_class=\u00bbtxtTitulo txtTituloFooter\u00bb][vc_column][\/vc_column][\/vc_row]<\/p>\n<\/div>","protected":false},"excerpt":{"rendered":"<p>[vc_row full_width=\u00bbstretch_row\u00bb el_class=\u00bbbarraTitulo\u00bb css=\u00bb.vc_custom_1742898268307{padding-top: 25px !important;padding-bottom: 25px !important;background-color: #010101 !important;}\u00bb][vc_column css_animation=\u00bbfadeIn\u00bb width=\u00bb1\/6&#8243;][\/vc_column][vc_column width=\u00bb2\/3&#8243;][vc_column_text css_animation=\u00bbnone\u00bb css=\u00bb\u00bb] CMR REAL ESTATE &amp; BUSINESS SOLUTIONS Su socio de confianza para<span class=\"excerpt-hellip\"> [\u2026]<\/span><\/p>\n","protected":false},"author":1,"featured_media":0,"parent":0,"menu_order":0,"comment_status":"closed","ping_status":"open","template":"","meta":{"footnotes":""},"class_list":["post-455","page","type-page","status-publish","hentry"],"aioseo_notices":[],"_links":{"self":[{"href":"https:\/\/www.cmrspain.com\/es\/wp-json\/wp\/v2\/pages\/455","targetHints":{"allow":["GET"]}}],"collection":[{"href":"https:\/\/www.cmrspain.com\/es\/wp-json\/wp\/v2\/pages"}],"about":[{"href":"https:\/\/www.cmrspain.com\/es\/wp-json\/wp\/v2\/types\/page"}],"author":[{"embeddable":true,"href":"https:\/\/www.cmrspain.com\/es\/wp-json\/wp\/v2\/users\/1"}],"replies":[{"embeddable":true,"href":"https:\/\/www.cmrspain.com\/es\/wp-json\/wp\/v2\/comments?post=455"}],"version-history":[{"count":5,"href":"https:\/\/www.cmrspain.com\/es\/wp-json\/wp\/v2\/pages\/455\/revisions"}],"predecessor-version":[{"id":991,"href":"https:\/\/www.cmrspain.com\/es\/wp-json\/wp\/v2\/pages\/455\/revisions\/991"}],"wp:attachment":[{"href":"https:\/\/www.cmrspain.com\/es\/wp-json\/wp\/v2\/media?parent=455"}],"curies":[{"name":"wp","href":"https:\/\/api.w.org\/{rel}","templated":true}]}}