{"id":448,"date":"2025-03-25T10:08:33","date_gmt":"2025-03-25T09:08:33","guid":{"rendered":"https:\/\/www.cmrspain.com\/home\/"},"modified":"2025-06-11T12:25:24","modified_gmt":"2025-06-11T10:25:24","slug":"home","status":"publish","type":"page","link":"https:\/\/www.cmrspain.com\/es\/","title":{"rendered":"Inicio"},"content":{"rendered":"<div class=\"wpb-content-wrapper\"><p>[vc_row full_width=\u00bbstretch_row\u00bb el_class=\u00bbbarraTitulo\u00bb css=\u00bb.vc_custom_1742898268307{padding-top: 25px !important;padding-bottom: 25px !important;background-color: #010101 !important;}\u00bb][vc_column css_animation=\u00bbfadeIn\u00bb][vc_column_text css_animation=\u00bbnone\u00bb css=\u00bb\u00bb]<\/p>\n<h1 style=\"text-align: center;\">CMR REAL ESTATE &amp; BUSINESS SOLUTIONS<\/h1>\n<h2 style=\"text-align: center;\">Su socio de confianza para la expansi\u00f3n empresarial e inmobiliaria en Espa\u00f1a<\/h2>\n<p>[\/vc_column_text][\/vc_column][\/vc_row][vc_row css=\u00bb.vc_custom_1743416892157{padding-top: 50px !important;}\u00bb][vc_column width=\u00bb1\/4&#8243;][\/vc_column][vc_column width=\u00bb1\/2&#8243;][vc_column_text css_animation=\u00bbfadeIn\u00bb css=\u00bb\u00bb]<\/p>\n<h3 style=\"text-align: center;\">\u00bfEXPANDIENDO SU NEGOCIO O INVIRTIENDO EN EL <span style=\"color: #000000;\">SECTOR INMOBILIARIO EN ESPA\u00d1A?<\/span><\/h3>\n<p class=\"big\" style=\"text-align: center;\"><span style=\"color: #000000;\"><strong>CMR Real Estate &amp;Business Solutions<\/strong> simplifica el proceso. Ofrecemos asesoramiento experto a empresas extranjeras que desean establecer operaciones, navegar por las regulaciones de los EAU (Emiratos \u00c1rabes Unidos) y aprovechar las oportunidades en el pr\u00f3spero mercado de Espa\u00f1a.<\/span><\/p>\n<p>[\/vc_column_text][\/vc_column][vc_column width=\u00bb1\/4&#8243;][\/vc_column][\/vc_row][vc_row][vc_column][vc_text_separator title=\u00bb\u00bb i_type=\u00bblinecons\u00bb i_icon_linecons=\u00bbvc_li vc_li-diamond\u00bb i_color=\u00bbcustom\u00bb color=\u00bbcustom\u00bb el_width=\u00bb20&#8243; css=\u00bb\u00bb add_icon=\u00bbtrue\u00bb i_custom_color=\u00bb#91B4D2&#8243; accent_color=\u00bb#91B4D2&#8243;][\/vc_column][\/vc_row][vc_row full_width=\u00bbstretch_row_content_no_spaces\u00bb css=\u00bb.vc_custom_1749553441892{margin-bottom: 50px !important;}\u00bb][vc_column][vc_column_text css=\u00bb\u00bb][\/vc_column_text][\/vc_column][\/vc_row][vc_row][vc_column css_animation=\u00bbfadeIn\u00bb][vc_column_text css=\u00bb\u00bb]<\/p>\n<h4>Soluciones Integrales de Negocios e Inmobiliarias<\/h4>\n<p><span style=\"color: #000000;\">Establecer un negocio en un pa\u00eds extranjero puede ser un reto. Eliminamos la incertidumbre con soluciones completas adaptadas a sus necesidades:<\/span>[\/vc_column_text][vc_row_inner][vc_column_inner width=\u00bb1\/2&#8243;]<div class=\"flat_box\"><div class=\"photo_wrapper\"><div class=\"icon themebg\" ><i class=\"icon-briefcase\" aria-hidden=\"true\"><\/i><\/div><img class=\"photo scale-with-grid mfn-lazy\" data-src=\"https:\/\/www.cmrspain.com\/wp-content\/uploads\/2025\/04\/Company-Formation-and-Registration-img.jpg\" alt=\"\" width=\"1080\" height=\"500\"\/><\/div><div class=\"desc_wrapper\"><h4 class=\"title \">Constituci\u00f3n y Registro de Empresas:<\/h4><div class=\"desc\">Desde startups hasta expansiones internacionales, garantizamos una configuraci\u00f3n empresarial fluida y legal.<\/div><\/div><\/div>\n[\/vc_column_inner][vc_column_inner width=\u00bb1\/2&#8243;]<div class=\"flat_box\"><div class=\"photo_wrapper\"><div class=\"icon themebg\" ><i class=\"icon-newspaper\" aria-hidden=\"true\"><\/i><\/div><img class=\"photo scale-with-grid mfn-lazy\" data-src=\"https:\/\/www.cmrspain.com\/wp-content\/uploads\/2025\/03\/Regulatory-and-Compliance-Services-img.jpg\" alt=\"\" width=\"1080\" height=\"500\"\/><\/div><div class=\"desc_wrapper\"><h4 class=\"title \">Servicios Regulatorios y de Cumplimiento:<\/h4><div class=\"desc\">Asistencia total con licencias, cumplimiento fiscal y aprobaciones espec\u00edficas del sector.<\/div><\/div><\/div>\n[\/vc_column_inner][\/vc_row_inner][vc_row_inner][vc_column_inner width=\u00bb1\/2&#8243;]<div class=\"flat_box\"><div class=\"photo_wrapper\"><div class=\"icon themebg\" ><i class=\"fas fa-chart-line\" aria-hidden=\"true\"><\/i><\/div><img class=\"photo scale-with-grid mfn-lazy\" data-src=\"https:\/\/www.cmrspain.com\/wp-content\/uploads\/2025\/03\/Investment-img.jpg\" alt=\"\" width=\"1080\" height=\"500\"\/><\/div><div class=\"desc_wrapper\"><h4 class=\"title \">Apoyo a la Inversi\u00f3n y Entrada al Mercado:<\/h4><div class=\"desc\">Informaci\u00f3n estrat\u00e9gica y planificaci\u00f3n para la expansi\u00f3n de negocios e inversiones inmobiliarias.<\/div><\/div><\/div>\n[\/vc_column_inner][vc_column_inner width=\u00bb1\/2&#8243;]<div class=\"flat_box\"><div class=\"photo_wrapper\"><div class=\"icon themebg\" ><i class=\"icon-thumbs-up-line\" aria-hidden=\"true\"><\/i><\/div><img class=\"photo scale-with-grid mfn-lazy\" data-src=\"https:\/\/www.cmrspain.com\/wp-content\/uploads\/2025\/04\/Office-and-Property-Solutions-img.jpg\" alt=\"\" width=\"1080\" height=\"500\"\/><\/div><div class=\"desc_wrapper\"><h4 class=\"title \">Soluciones de Oficina y Propiedades:<\/h4><div class=\"desc\">Asistencia para asegurar oficinas, almacenes y espacios comerciales.<\/div><\/div><\/div>\n[\/vc_column_inner][\/vc_row_inner][\/vc_column][\/vc_row][vc_row full_width=\u00bbstretch_row\u00bb css=\u00bb.vc_custom_1742902790388{margin-bottom: 50px !important;}\u00bb][vc_column][vc_column_text css=\u00bb\u00bb]<\/p>\n<p class=\"big\" style=\"text-align: center;\">GARANTIZAMOS QUE SU TRANSICI\u00d3N AL MERCADO DE ESPA\u00d1A SEA EFICIENTE, LEGAL Y RENTABLE.<\/p>\n<p>[\/vc_column_text][\/vc_column][\/vc_row][vc_row full_width=\u00bbstretch_row\u00bb css_animation=\u00bbfadeIn\u00bb css=\u00bb.vc_custom_1742988188073{background-color: #D9D9D9 !important;}\u00bb el_class=\u00bbtxtTitulo\u00bb][vc_column][vc_column_text css=\u00bb\u00bb]<\/p>\n<h4 style=\"text-align: center;\">NUESTROS SERVICIOS<\/h4>\n<p>[\/vc_column_text][\/vc_column][\/vc_row][vc_row full_width=\u00bbstretch_row_content_no_spaces\u00bb equal_height=\u00bbyes\u00bb el_class=\u00bbnuestrosServicios\u00bb][vc_column css_animation=\u00bbfadeIn\u00bb width=\u00bb1\/2&#8243; css=\u00bb.vc_custom_1742988244914{background-image: url(https:\/\/www.cmrspain.com\/wp-content\/uploads\/2025\/03\/cuadrante-B.jpg?id=36) !important;background-position: center !important;background-repeat: no-repeat !important;background-size: cover !important;}\u00bb][\/vc_column][vc_column width=\u00bb1\/2&#8243; css=\u00bb.vc_custom_1742904215433{padding-top: 15% !important;padding-right: 20% !important;padding-bottom: 15% !important;padding-left: 20% !important;background-color: #F1F1F1 !important;}\u00bb][vc_column_text css_animation=\u00bbfadeInRight\u00bb css=\u00bb\u00bb]<\/p>\n<h1>Constituci\u00f3n de Empresas y Licencias<\/h1>\n<p>Le guiamos en el registro de su empresa, licencias para inversi\u00f3n extranjera y estructura legal, asegurando el cumplimiento y optimizando su configuraci\u00f3n empresarial.<\/p>\n<p>[\/vc_column_text][\/vc_column][\/vc_row][vc_row full_width=\u00bbstretch_row_content_no_spaces\u00bb equal_height=\u00bbyes\u00bb el_class=\u00bbnuestrosServicios revertir\u00bb][vc_column width=\u00bb1\/2&#8243; css=\u00bb.vc_custom_1742904210130{padding-top: 15% !important;padding-right: 20% !important;padding-bottom: 15% !important;padding-left: 20% !important;background-color: #F1F1F1 !important;}\u00bb][vc_column_text css_animation=\u00bbfadeInLeft\u00bb css=\u00bb\u00bb]<\/p>\n<h1>Consultor\u00eda de Entrada al Mercado e Inversiones<\/h1>\n<p>Exp\u00e1ndase estrat\u00e9gicamente con nuestra asesor\u00eda experta en desarrollo de negocios, tendencias del mercado y oportunidades de inversi\u00f3n.[\/vc_column_text][\/vc_column][vc_column css_animation=\u00bbfadeIn\u00bb width=\u00bb1\/2&#8243; css=\u00bb.vc_custom_1742988248429{background-image: url(https:\/\/www.cmrspain.com\/wp-content\/uploads\/2025\/03\/cuadrante-C.jpg?id=38) !important;background-position: center !important;background-repeat: no-repeat !important;background-size: cover !important;}\u00bb][\/vc_column][\/vc_row][vc_row full_width=\u00bbstretch_row_content_no_spaces\u00bb equal_height=\u00bbyes\u00bb el_class=\u00bbnuestrosServicios\u00bb][vc_column css_animation=\u00bbfadeIn\u00bb width=\u00bb1\/2&#8243; css=\u00bb.vc_custom_1742988252350{background-image: url(https:\/\/www.cmrspain.com\/wp-content\/uploads\/2025\/03\/cuadrante-E.jpg?id=40) !important;background-position: center !important;background-repeat: no-repeat !important;background-size: cover !important;}\u00bb][\/vc_column][vc_column width=\u00bb1\/2&#8243; css=\u00bb.vc_custom_1742904204416{padding-top: 15% !important;padding-right: 20% !important;padding-bottom: 15% !important;padding-left: 20% !important;background-color: #F1F1F1 !important;}\u00bb][vc_column_text css_animation=\u00bbfadeInRight\u00bb css=\u00bb\u00bb]<\/p>\n<h1>Asesor\u00eda Inmobiliaria y Gesti\u00f3n de Propiedades<\/h1>\n<p>Desde propiedades comerciales hasta inversiones a gran escala, le asistimos en la adquisici\u00f3n, gesti\u00f3n de alquileres y diligencia debida.[\/vc_column_text][\/vc_column][\/vc_row][vc_row full_width=\u00bbstretch_row_content_no_spaces\u00bb equal_height=\u00bbyes\u00bb el_class=\u00bbnuestrosServicios revertir\u00bb][vc_column width=\u00bb1\/2&#8243; css=\u00bb.vc_custom_1742904199130{padding-top: 15% !important;padding-right: 20% !important;padding-bottom: 15% !important;padding-left: 20% !important;background-color: #F1F1F1 !important;}\u00bb][vc_column_text css_animation=\u00bbfadeInLeft\u00bb css=\u00bb\u00bb]<\/p>\n<h1>Asesor\u00eda en Zonas Francas e Incentivos Fiscales<\/h1>\n<p>Le ayudamos a elegir la Zona Franca ideal para su actividad, acceder a exenciones fiscales y comprender el nuevo panorama tributario corporativo de los EAU.[\/vc_column_text][\/vc_column][vc_column css_animation=\u00bbfadeIn\u00bb width=\u00bb1\/2&#8243; css=\u00bb.vc_custom_1742988257601{background-image: url(https:\/\/www.cmrspain.com\/wp-content\/uploads\/2025\/03\/cuadrante-D.jpg?id=39) !important;background-position: center !important;background-repeat: no-repeat !important;background-size: cover !important;}\u00bb][\/vc_column][\/vc_row][vc_row full_width=\u00bbstretch_row_content_no_spaces\u00bb equal_height=\u00bbyes\u00bb el_class=\u00bbnuestrosServicios\u00bb][vc_column css_animation=\u00bbfadeIn\u00bb width=\u00bb1\/2&#8243; css=\u00bb.vc_custom_1742988264978{background-image: url(https:\/\/www.cmrspain.com\/wp-content\/uploads\/2025\/03\/cuadrante-A.jpg?id=37) !important;background-position: center !important;background-repeat: no-repeat !important;background-size: cover !important;}\u00bb][\/vc_column][vc_column width=\u00bb1\/2&#8243; css=\u00bb.vc_custom_1742904178156{padding-top: 15% !important;padding-right: 20% !important;padding-bottom: 15% !important;padding-left: 20% !important;background-color: #F1F1F1 !important;}\u00bb][vc_column_text css_animation=\u00bbfadeInRight\u00bb css=\u00bb\u00bb]<\/p>\n<h1>Servicios Corporativos y Apoyo Empresarial<\/h1>\n<p>Apoyo legal, financiero y administrativo continuo para mantener sus operaciones eficientes y en cumplimiento.[\/vc_column_text][\/vc_column][\/vc_row][vc_row full_width=\u00bbstretch_row\u00bb css=\u00bb.vc_custom_1745406595225{padding-top: 25px !important;padding-bottom: 25px !important;background-image: url(https:\/\/www.cmrspain.com\/wp-content\/uploads\/2025\/04\/llamada-accion-2.jpg?id=229) !important;background-position: center !important;background-repeat: no-repeat !important;background-size: cover !important;}\u00bb el_class=\u00bbllamadaAccion\u00bb][vc_column width=\u00bb1\/2&#8243;][\/vc_column][vc_column css_animation=\u00bbfadeInRight\u00bb width=\u00bb1\/2&#8243;][vc_column_text css_animation=\u00bbnone\u00bb css=\u00bb\u00bb]<\/p>\n<h2>Cont\u00e1ctenos.<\/h2>\n<h3>Ser\u00e1 un placer ayudarle.<\/h3>\n<p>[\/vc_column_text][vc_btn title=\u00bbContacto\u00bb color=\u00bbwhite\u00bb css_animation=\u00bbnone\u00bb css=\u00bb\u00bb link=\u00bburl:https%3A%2F%2Fwww.cmrspain.com%2Fes%2Fcontacto%2F\u00bb][\/vc_column][\/vc_row][vc_row css=\u00bb.vc_custom_1742986828501{margin-top: 50px !important;}\u00bb][vc_column][vc_text_separator title=\u00bb\u00bb i_type=\u00bblinecons\u00bb i_icon_linecons=\u00bbvc_li vc_li-diamond\u00bb i_color=\u00bbcustom\u00bb color=\u00bbcustom\u00bb el_width=\u00bb20&#8243; css=\u00bb\u00bb add_icon=\u00bbtrue\u00bb i_custom_color=\u00bb#91B4D2&#8243; accent_color=\u00bb#91B4D2&#8243;][\/vc_column][\/vc_row][vc_row full_width=\u00bbstretch_row\u00bb css_animation=\u00bbfadeIn\u00bb css=\u00bb.vc_custom_1742988291384{margin-top: 50px !important;}\u00bb][vc_column][vc_column_text css=\u00bb\u00bb]<\/p>\n<h4 style=\"text-align: center;\">\u00bfPOR QU\u00c9 ELEGIR CMR REAL ESTATE &amp; BUSINESS SOLUTIONS?<\/h4>\n<p>[\/vc_column_text][vc_row_inner gap=\u00bb30&#8243;][vc_column_inner width=\u00bb1\/2&#8243; css=\u00bb.vc_custom_1743417213840{margin-bottom: -30px !important;padding-bottom: 0px !important;}\u00bb]<div class=\"list_item lists_1 clearfix\"><div class=\"list_left list_icon\"><i class=\"fas fa-thumbs-up\" aria-hidden=\"true\"><\/i><\/div><div class=\"list_right\"><h4 class=\"title \">Constituci\u00f3n Empresarial sin Complicaciones:<\/h4><div class=\"desc\">Nos encargamos de los requisitos legales y regulatorios para que usted se enfoque en el crecimiento.<\/div><\/div><\/div>\n<div class=\"list_item lists_1 clearfix\"><div class=\"list_left list_icon\"><i class=\"fas fa-globe-asia\" aria-hidden=\"true\"><\/i><\/div><div class=\"list_right\"><h4 class=\"title \">Experiencia Local con Perspectiva Global:<\/h4><div class=\"desc\">Conocimiento profundo del entorno empresarial de Espa\u00f1a y las expectativas del negocio internacional.<\/div><\/div><\/div>\n[\/vc_column_inner][vc_column_inner width=\u00bb1\/2&#8243;]<div class=\"list_item lists_1 clearfix\"><div class=\"list_left list_icon\"><i class=\"fas fa-ruler-combined\" aria-hidden=\"true\"><\/i><\/div><div class=\"list_right\"><h4 class=\"title \">Apoyo Integral:<\/h4><div class=\"desc\">Desde la constituci\u00f3n hasta el \u00e9xito operativo, ofrecemos soluciones a medida.<\/div><\/div><\/div>\n<div class=\"list_item lists_1 clearfix\"><div class=\"list_left list_icon\"><i class=\"fas fa-award\" aria-hidden=\"true\"><\/i><\/div><div class=\"list_right\"><h4 class=\"title \">\u00c9xito Comprobado:<\/h4><div class=\"desc\">Clientes internacionales conf\u00edan en nosotros para lanzar y expandir sus operaciones en los EAU.<\/div><\/div><\/div>\n[\/vc_column_inner][\/vc_row_inner][vc_text_separator title=\u00bb\u00bb i_type=\u00bblinecons\u00bb i_icon_linecons=\u00bbvc_li vc_li-diamond\u00bb i_color=\u00bbcustom\u00bb color=\u00bbcustom\u00bb el_width=\u00bb20&#8243; css=\u00bb\u00bb add_icon=\u00bbtrue\u00bb i_custom_color=\u00bb#91B4D2&#8243; accent_color=\u00bb#91B4D2&#8243;][\/vc_column][\/vc_row][vc_row full_width=\u00bbstretch_row\u00bb css_animation=\u00bbfadeIn\u00bb css=\u00bb.vc_custom_1745407870630{margin-bottom: -15px !important;background-color: #D9D9D9 !important;}\u00bb el_class=\u00bbtxtTitulo txtTituloFooter\u00bb][vc_column][\/vc_column][\/vc_row]<\/p>\n<\/div>","protected":false},"excerpt":{"rendered":"<p>[vc_row full_width=\u00bbstretch_row\u00bb el_class=\u00bbbarraTitulo\u00bb css=\u00bb.vc_custom_1742898268307{padding-top: 25px !important;padding-bottom: 25px !important;background-color: #010101 !important;}\u00bb][vc_column css_animation=\u00bbfadeIn\u00bb][vc_column_text css_animation=\u00bbnone\u00bb css=\u00bb\u00bb] CMR REAL ESTATE &amp; BUSINESS SOLUTIONS Su socio de confianza para la expansi\u00f3n<span class=\"excerpt-hellip\"> [\u2026]<\/span><\/p>\n","protected":false},"author":1,"featured_media":0,"parent":0,"menu_order":0,"comment_status":"closed","ping_status":"open","template":"","meta":{"footnotes":""},"class_list":["post-448","page","type-page","status-publish","hentry"],"aioseo_notices":[],"_links":{"self":[{"href":"https:\/\/www.cmrspain.com\/es\/wp-json\/wp\/v2\/pages\/448","targetHints":{"allow":["GET"]}}],"collection":[{"href":"https:\/\/www.cmrspain.com\/es\/wp-json\/wp\/v2\/pages"}],"about":[{"href":"https:\/\/www.cmrspain.com\/es\/wp-json\/wp\/v2\/types\/page"}],"author":[{"embeddable":true,"href":"https:\/\/www.cmrspain.com\/es\/wp-json\/wp\/v2\/users\/1"}],"replies":[{"embeddable":true,"href":"https:\/\/www.cmrspain.com\/es\/wp-json\/wp\/v2\/comments?post=448"}],"version-history":[{"count":8,"href":"https:\/\/www.cmrspain.com\/es\/wp-json\/wp\/v2\/pages\/448\/revisions"}],"predecessor-version":[{"id":988,"href":"https:\/\/www.cmrspain.com\/es\/wp-json\/wp\/v2\/pages\/448\/revisions\/988"}],"wp:attachment":[{"href":"https:\/\/www.cmrspain.com\/es\/wp-json\/wp\/v2\/media?parent=448"}],"curies":[{"name":"wp","href":"https:\/\/api.w.org\/{rel}","templated":true}]}}